{"id":2253,"date":"2024-03-19T15:11:35","date_gmt":"2024-03-19T14:11:35","guid":{"rendered":"https:\/\/si-energy.de\/?page_id=2253"},"modified":"2024-08-26T11:41:44","modified_gmt":"2024-08-26T09:41:44","slug":"projekte","status":"publish","type":"page","link":"https:\/\/si-energy.de\/at\/projekte\/","title":{"rendered":"Projekte"},"content":{"rendered":"<div id=\"keyvisualblock_3325a28ec1ca9a926684c50e3f2b89b2\" class=\"has-background block__keyvisual--type-single-chip block__keyvisual alignfull -detect-in-viewport\" data-controller=\"keyvisual\" >\n    \n\n    <div class=\"keyvisual__wrapper\">\n        <div class=\"container inner-blocks\">\n                            <div class=\"keyvisual__single-chip\">\n                    <img loading=\"lazy\" decoding=\"async\" width=\"1000\" height=\"1004\" src=\"https:\/\/si-energy.de\/wp-content\/uploads\/sites\/3\/2024\/03\/SI-Energy-Projekte.webp\" class=\"attachment-fullscreen_16_9 size-fullscreen_16_9\" alt=\"\" srcset=\"https:\/\/si-energy.de\/wp-content\/uploads\/sites\/3\/2024\/03\/SI-Energy-Projekte.webp 1000w, https:\/\/si-energy.de\/wp-content\/uploads\/sites\/3\/2024\/03\/SI-Energy-Projekte-300x300.webp 300w, https:\/\/si-energy.de\/wp-content\/uploads\/sites\/3\/2024\/03\/SI-Energy-Projekte-150x150.webp 150w, https:\/\/si-energy.de\/wp-content\/uploads\/sites\/3\/2024\/03\/SI-Energy-Projekte-768x771.webp 768w, https:\/\/si-energy.de\/wp-content\/uploads\/sites\/3\/2024\/03\/SI-Energy-Projekte-398x400.webp 398w\" sizes=\"auto, (max-width: 1000px) 100vw, 1000px\" \/>                <\/div>\n                        \n\n<div class=\"wp-block-group is-vertical is-content-justification-center is-nowrap is-layout-flex wp-container-core-group-is-layout-6e392426 wp-block-group-is-layout-flex\">\n<h1 class=\"wp-block-heading has-text-align-left\">Projekte, die etwas bewegen<\/h1>\n<\/div>\n\n        <\/div>\n\n    <\/div>\n\n    \n\n<\/div>\n\n\n<div class=\"wp-block-group alignwide has-light-grey-background-color has-background is-layout-flow wp-block-group-is-layout-flow\"><div class=\"wp-bootstrap-blocks-row row align-items-center\">\n\t\n\n<div class=\"col-12 col-md-6\">\n\t\t\t\n\n<h2 class=\"wp-block-heading\">Green Business Park Mannheim<\/h2>\n\n\n\n<p>Der Green Business Park Mannheim entsteht im Stadtbezirk Vogelstang auf einem ehemaligen US-Kasernengel\u00e4nde. Ein wesentlicher Aspekt ist sein gr\u00fcner Kern.<br><\/p>\n\n\n\n<p>Wir werden eine Photovoltaikanlage auf dem Dach des neuen Parkhauses mit einer Fl\u00e4che von 3.000 m\u00b2 bauen und betreiben. Die Solarleistung der Anlage wird zwischen 300 kWp und 350 kWp liegen.<br><\/p>\n\n\n\n<p>Der erzeugte Strom soll f\u00fcr Fahrzeuge genutzt werden. Dar\u00fcber hinaus werden wir rund 200 Wallboxen installieren, um 500 Parkpl\u00e4tze mit Strom zu versorgen.<\/p>\n\n\t<\/div>\n\n\n\n<div class=\"col-12 col-md-6\">\n\t\t\t\n\n<div id=\"image-with-chipblock_845cb254e45a6e15829f5734d5a4c73a\" class=\"block__image-with-chip -detect-in-viewport\">\n  <div class=\"image-with-chip__wrapper\">\n    <div class=\"image-with-chip__image\">\n      <img loading=\"lazy\" decoding=\"async\" width=\"1553\" height=\"1080\" src=\"https:\/\/si-energy.de\/wp-content\/uploads\/sites\/3\/2024\/04\/das-e-von-oben-2-transformed-min-1553x1080.webp\" class=\"attachment-fullscreen_16_9 size-fullscreen_16_9\" alt=\"\" srcset=\"https:\/\/si-energy.de\/wp-content\/uploads\/sites\/3\/2024\/04\/das-e-von-oben-2-transformed-min-1553x1080.webp 1553w, https:\/\/si-energy.de\/wp-content\/uploads\/sites\/3\/2024\/04\/das-e-von-oben-2-transformed-min-300x209.webp 300w, https:\/\/si-energy.de\/wp-content\/uploads\/sites\/3\/2024\/04\/das-e-von-oben-2-transformed-min-1024x712.webp 1024w, https:\/\/si-energy.de\/wp-content\/uploads\/sites\/3\/2024\/04\/das-e-von-oben-2-transformed-min-768x534.webp 768w, https:\/\/si-energy.de\/wp-content\/uploads\/sites\/3\/2024\/04\/das-e-von-oben-2-transformed-min-1536x1068.webp 1536w, https:\/\/si-energy.de\/wp-content\/uploads\/sites\/3\/2024\/04\/das-e-von-oben-2-transformed-min-2048x1424.webp 2048w, https:\/\/si-energy.de\/wp-content\/uploads\/sites\/3\/2024\/04\/das-e-von-oben-2-transformed-min-400x278.webp 400w\" sizes=\"auto, (max-width: 1553px) 100vw, 1553px\" \/>      <div class=\"image-with-chip__chip image-with-chip__chip--right      animate__animated animate__siRotateIn-right animate__delay-default\">\n        <svg width=\"326\" height=\"326\" viewBox=\"0 0 326 326\" fill=\"none\" xmlns=\"http:\/\/www.w3.org\/2000\/svg\">\n          <use xlink:href=\" #image-chip\">\n        <\/svg>\n      <\/div>\n    <\/div>\n  <\/div>\n<\/div>\n\t<\/div>\n\n<\/div>\n<\/div>\n\n\n\n<div class=\"wp-block-group alignwide is-layout-flow wp-block-group-is-layout-flow\"><div class=\"wp-bootstrap-blocks-row row align-items-center\">\n\t\n\n<div class=\"col-12 col-md-6\">\n\t\t\t\n\n<figure class=\"wp-block-image size-large\"><img loading=\"lazy\" decoding=\"async\" width=\"1024\" height=\"683\" src=\"https:\/\/si-energy.de\/wp-content\/uploads\/sites\/3\/2024\/05\/SI-Energy-Landratsamt-Heidelberg-Ladestationen-RGB-1-1024x683.jpg\" alt=\"SI Energy - Lades\u00e4ulen im Parkhaus des Landratsamts Rhein-Neckar\" class=\"wp-image-2061\" srcset=\"https:\/\/si-energy.de\/wp-content\/uploads\/sites\/3\/2024\/05\/SI-Energy-Landratsamt-Heidelberg-Ladestationen-RGB-1-1024x683.jpg 1024w, https:\/\/si-energy.de\/wp-content\/uploads\/sites\/3\/2024\/05\/SI-Energy-Landratsamt-Heidelberg-Ladestationen-RGB-1-300x200.jpg 300w, https:\/\/si-energy.de\/wp-content\/uploads\/sites\/3\/2024\/05\/SI-Energy-Landratsamt-Heidelberg-Ladestationen-RGB-1-768x512.jpg 768w, https:\/\/si-energy.de\/wp-content\/uploads\/sites\/3\/2024\/05\/SI-Energy-Landratsamt-Heidelberg-Ladestationen-RGB-1-400x267.jpg 400w, https:\/\/si-energy.de\/wp-content\/uploads\/sites\/3\/2024\/05\/SI-Energy-Landratsamt-Heidelberg-Ladestationen-RGB-1.jpg 1500w\" sizes=\"auto, (max-width: 1024px) 100vw, 1024px\" \/><\/figure>\n\n\t<\/div>\n\n\n\n<div class=\"col-12 col-md-6\">\n\t\t\t\n\n<h2 class=\"wp-block-heading\">Landratsamt Rhein-Neckar-Kreis<\/h2>\n\n\n\n<p>In enger Zusammenarbeit mit dem Landratsamt hat SI Energy drei hochmoderne Wechselstrom (AC) Ladepunkte in der Tiefgarage des Landratsamts eingerichtet, um eine zuverl\u00e4ssige und bequeme Ladem\u00f6glichkeit f\u00fcr Elektrofahrzeuge anzubieten.<br><br>Diese Ladestationen erm\u00f6glichen das Aufladen von Elektrofahrzeugen bei l\u00e4ngeren Parkzeiten und sind \u00f6ffentlich zug\u00e4nglich.<br><br>Die Installation dieser AC-Ladepunkte ist ein wesentlicher Teil unserer Bem\u00fchungen, die lokale Infrastruktur f\u00fcr Elektrofahrzeuge zu st\u00e4rken und die Elektromobilit\u00e4t in der Region Heidelberg voranzutreiben.<\/p>\n\n\t<\/div>\n\n<\/div>\n<\/div>\n","protected":false},"excerpt":{"rendered":"","protected":false},"author":1,"featured_media":0,"parent":0,"menu_order":0,"comment_status":"closed","ping_status":"closed","template":"","meta":{"footnotes":""},"class_list":["post-2253","page","type-page","status-publish","hentry"],"aioseo_notices":[],"acf":[],"_links":{"self":[{"href":"https:\/\/si-energy.de\/at\/wp-json\/wp\/v2\/pages\/2253","targetHints":{"allow":["GET"]}}],"collection":[{"href":"https:\/\/si-energy.de\/at\/wp-json\/wp\/v2\/pages"}],"about":[{"href":"https:\/\/si-energy.de\/at\/wp-json\/wp\/v2\/types\/page"}],"author":[{"embeddable":true,"href":"https:\/\/si-energy.de\/at\/wp-json\/wp\/v2\/users\/1"}],"replies":[{"embeddable":true,"href":"https:\/\/si-energy.de\/at\/wp-json\/wp\/v2\/comments?post=2253"}],"version-history":[{"count":0,"href":"https:\/\/si-energy.de\/at\/wp-json\/wp\/v2\/pages\/2253\/revisions"}],"wp:attachment":[{"href":"https:\/\/si-energy.de\/at\/wp-json\/wp\/v2\/media?parent=2253"}],"curies":[{"name":"wp","href":"https:\/\/api.w.org\/{rel}","templated":true}]}}