{"id":2260,"date":"2024-03-19T15:03:25","date_gmt":"2024-03-19T14:03:25","guid":{"rendered":"https:\/\/si-energy.de\/?page_id=2260"},"modified":"2024-08-26T11:44:49","modified_gmt":"2024-08-26T09:44:49","slug":"ladeloesungen-fuer-parkraumanbieter","status":"publish","type":"page","link":"https:\/\/si-energy.de\/at\/ladeloesungen-fuer-parkraumanbieter\/","title":{"rendered":"Ladel\u00f6sungen f\u00fcr Parkraumanbieter"},"content":{"rendered":"<div id=\"keyvisualblock_7694d6108621e6bdc33e78f53cd77f9f\" class=\"has-background block__keyvisual--type-overlapping-banner block__keyvisual alignfull -detect-in-viewport\" data-controller=\"keyvisual\" >\n            <div class=\"keyvisual__background\">\n                            <img loading=\"lazy\" decoding=\"async\" width=\"1620\" height=\"1080\" src=\"https:\/\/si-energy.de\/wp-content\/uploads\/sites\/3\/2024\/04\/SI-Energy-Ladeloesungen-fuer-Parkraumanbieter-2-1620x1080.jpeg\" class=\"attachment-fullscreen_16_9 size-fullscreen_16_9\" alt=\"SI Energy Ladeloesungen fuer Parkraumanbieter\" srcset=\"https:\/\/si-energy.de\/wp-content\/uploads\/sites\/3\/2024\/04\/SI-Energy-Ladeloesungen-fuer-Parkraumanbieter-2-1620x1080.jpeg 1620w, https:\/\/si-energy.de\/wp-content\/uploads\/sites\/3\/2024\/04\/SI-Energy-Ladeloesungen-fuer-Parkraumanbieter-2-300x200.jpeg 300w, https:\/\/si-energy.de\/wp-content\/uploads\/sites\/3\/2024\/04\/SI-Energy-Ladeloesungen-fuer-Parkraumanbieter-2-768x512.jpeg 768w, https:\/\/si-energy.de\/wp-content\/uploads\/sites\/3\/2024\/04\/SI-Energy-Ladeloesungen-fuer-Parkraumanbieter-2-1024x682.jpeg 1024w, https:\/\/si-energy.de\/wp-content\/uploads\/sites\/3\/2024\/04\/SI-Energy-Ladeloesungen-fuer-Parkraumanbieter-2-1536x1024.jpeg 1536w, https:\/\/si-energy.de\/wp-content\/uploads\/sites\/3\/2024\/04\/SI-Energy-Ladeloesungen-fuer-Parkraumanbieter-2-400x267.jpeg 400w, https:\/\/si-energy.de\/wp-content\/uploads\/sites\/3\/2024\/04\/SI-Energy-Ladeloesungen-fuer-Parkraumanbieter-2.jpeg 2000w\" sizes=\"auto, (max-width: 1620px) 100vw, 1620px\" \/>                    <\/div>\n            \n\n    <div class=\"keyvisual__wrapper\">\n        <div class=\"container inner-blocks\">\n                        \n\n<div class=\"wp-block-group is-vertical is-content-justification-center is-nowrap is-layout-flex wp-container-core-group-is-layout-6e392426 wp-block-group-is-layout-flex\">\n<h1 class=\"wp-block-heading has-white-color has-text-color has-link-color wp-elements-9636821e3082774d607ef90df14bafd1\">Parken mit voller Power<\/h1>\n\n\n\n<p class=\"has-white-color has-text-color has-link-color has-large-font-size wp-elements-a085a1045578df21df6fca47aaa1a87d\">Ladel\u00f6sungen f\u00fcr Parkraumanbieter<\/p>\n<\/div>\n\n        <\/div>\n\n    <\/div>\n\n    \n\n<\/div>\n\n\n<div class=\"wp-block-group alignwide is-layout-flow wp-block-group-is-layout-flow\"><div class=\"wp-bootstrap-blocks-row row gx-5 justify-content-center align-items-center\">\n\t\n\n<div class=\"col-12 col-md-6 vertical-center\">\n\t\t\t\n\n<h2 class=\"wp-block-heading\">Neue Energie. Neue Einnahmequellen.<\/h2>\n\n\n\n<p>Elektrofahrzeugen geh\u00f6rt die Zukunft. Bleiben Sie dem Wettbewerb voraus und verwandeln Sie Ihre Parkr\u00e4ume in Ladepunkte, die Ihre Kunden magisch anziehen. Damit steigern Sie die Auslastung Ihrer Parkfl\u00e4chen und generieren neue Erl\u00f6squellen. <\/p>\n\n\n\n<p>So geht Service, der sich an der Mobilit\u00e4t von morgen orientiert &#8211; und langfristig profitabel bleibt.<\/p>\n\n\n\n<div id=\"buttonblock_6cbf40a9ec554a2cc7122cdc0e271439\" class=\"btn--align-left block__button -detect-in-viewport\">\n\n  <div class=\"button__link \">\n          <a href=\"#kontakt\" target=\"\" class=\"btn btn--primary   \">\n        Unverbindlich anfragen        <svg viewBox=\"0 0 24 24\">\n          <use xlink:href=\"#button-arrow\"><\/use>\n        <\/svg>\n      <\/a>\n      <\/div>\n\n\n\n<\/div>\n\t<\/div>\n\n\n\n<div class=\"col-12 col-md-6 vertical-center\">\n\t\t\t\n\n<div id=\"image-with-chipblock_4bd5c197c09666ac6ba36f320e3520df\" class=\"block__image-with-chip -detect-in-viewport\">\n  <div class=\"image-with-chip__wrapper\">\n    <div class=\"image-with-chip__image\">\n      <img loading=\"lazy\" decoding=\"async\" width=\"1080\" height=\"1080\" src=\"https:\/\/si-energy.de\/wp-content\/uploads\/sites\/3\/2024\/03\/SI-Energy-Keyvisual-2-1.webp\" class=\"attachment-fullscreen_16_9 size-fullscreen_16_9\" alt=\"\" srcset=\"https:\/\/si-energy.de\/wp-content\/uploads\/sites\/3\/2024\/03\/SI-Energy-Keyvisual-2-1.webp 1080w, https:\/\/si-energy.de\/wp-content\/uploads\/sites\/3\/2024\/03\/SI-Energy-Keyvisual-2-1-300x300.webp 300w, https:\/\/si-energy.de\/wp-content\/uploads\/sites\/3\/2024\/03\/SI-Energy-Keyvisual-2-1-1024x1024.webp 1024w, https:\/\/si-energy.de\/wp-content\/uploads\/sites\/3\/2024\/03\/SI-Energy-Keyvisual-2-1-150x150.webp 150w, https:\/\/si-energy.de\/wp-content\/uploads\/sites\/3\/2024\/03\/SI-Energy-Keyvisual-2-1-768x768.webp 768w, https:\/\/si-energy.de\/wp-content\/uploads\/sites\/3\/2024\/03\/SI-Energy-Keyvisual-2-1-400x400.webp 400w, https:\/\/si-energy.de\/wp-content\/uploads\/sites\/3\/2024\/03\/SI-Energy-Keyvisual-2-1-738x738.webp 738w\" sizes=\"auto, (max-width: 1080px) 100vw, 1080px\" \/>      <div class=\"image-with-chip__chip image-with-chip__chip--right      animate__animated animate__siRotateIn-right animate__delay-default\">\n        <svg width=\"326\" height=\"326\" viewBox=\"0 0 326 326\" fill=\"none\" xmlns=\"http:\/\/www.w3.org\/2000\/svg\">\n          <use xlink:href=\" #image-chip\">\n        <\/svg>\n      <\/div>\n    <\/div>\n  <\/div>\n<\/div>\n\t<\/div>\n\n<\/div>\n<\/div>\n\n\n\n<div class=\"wp-block-group alignwide has-primary-background-color has-background is-layout-constrained wp-block-group-is-layout-constrained\">\n<h2 class=\"wp-block-heading has-text-align-center\">Ihre Vorteile<\/h2>\n\n\n<div class=\"wp-bootstrap-blocks-row row\">\n\t\n\n<div class=\"col-12 col-md-6\">\n\t\t\t\n\n<div id=\"short-factblock_7b77d001c61cbdd333a84cdb5b1f7fdf\" class=\"block__short-fact__orientation--horizontal block__short-fact alignfull -detect-in-viewport\">\n  <div class=\"\">\n    <div class=\"short-fact__icon\">\n      <img loading=\"lazy\" decoding=\"async\" width=\"48\" height=\"48\" src=\"https:\/\/si-energy.de\/wp-content\/uploads\/sites\/3\/2024\/01\/Check_ring_white.svg\" class=\"attachment-fullscreen_16_9 size-fullscreen_16_9\" alt=\"Check_ring_white\" \/>    <\/div>\n    <div class=\"short-fact__inner-content\">\n            <p class=\"short-fact__paragraph\">\n        Sichere Beschaffung aller Bauelemente      <\/p>\n    <\/div>\n  <\/div>\n\n<\/div>\n\t<\/div>\n\n\n\n<div class=\"col-12 col-md-6\">\n\t\t\t\n\n<div id=\"short-factblock_880b97a5245432495dce965c9e46fed9\" class=\"block__short-fact__orientation--horizontal block__short-fact alignfull -detect-in-viewport\">\n  <div class=\"\">\n    <div class=\"short-fact__icon\">\n      <img loading=\"lazy\" decoding=\"async\" width=\"48\" height=\"48\" src=\"https:\/\/si-energy.de\/wp-content\/uploads\/sites\/3\/2024\/01\/Check_ring_white.svg\" class=\"attachment-fullscreen_16_9 size-fullscreen_16_9\" alt=\"Check_ring_white\" \/>    <\/div>\n    <div class=\"short-fact__inner-content\">\n            <p class=\"short-fact__paragraph\">\n        Abrechnung und Service 24\/7      <\/p>\n    <\/div>\n  <\/div>\n\n<\/div>\n\t<\/div>\n\n\n\n<div class=\"col-12 col-md-6\">\n\t\t\t\n\n<div id=\"short-factblock_39bfb574a4646eb3a06d133739e4c347\" class=\"block__short-fact__orientation--horizontal block__short-fact alignfull -detect-in-viewport\">\n  <div class=\"\">\n    <div class=\"short-fact__icon\">\n      <img loading=\"lazy\" decoding=\"async\" width=\"48\" height=\"48\" src=\"https:\/\/si-energy.de\/wp-content\/uploads\/sites\/3\/2024\/01\/Check_ring_white.svg\" class=\"attachment-fullscreen_16_9 size-fullscreen_16_9\" alt=\"Check_ring_white\" \/>    <\/div>\n    <div class=\"short-fact__inner-content\">\n            <p class=\"short-fact__paragraph\">\n        Bau und Betrieb aus einer Hand      <\/p>\n    <\/div>\n  <\/div>\n\n<\/div>\n\t<\/div>\n\n\n\n<div class=\"col-12 col-md-6\">\n\t\t\t\n\n<div id=\"short-factblock_89c838c6c0a9d810e1ad65a4d3b03a1b\" class=\"block__short-fact__orientation--horizontal block__short-fact alignfull -detect-in-viewport\">\n  <div class=\"\">\n    <div class=\"short-fact__icon\">\n      <img loading=\"lazy\" decoding=\"async\" width=\"48\" height=\"48\" src=\"https:\/\/si-energy.de\/wp-content\/uploads\/sites\/3\/2024\/01\/Check_ring_white.svg\" class=\"attachment-fullscreen_16_9 size-fullscreen_16_9\" alt=\"Check_ring_white\" \/>    <\/div>\n    <div class=\"short-fact__inner-content\">\n            <p class=\"short-fact__paragraph\">\n        Transparente Abrechnung und Verg\u00fctung      <\/p>\n    <\/div>\n  <\/div>\n\n<\/div>\n\t<\/div>\n\n\n\n<div class=\"col-12 col-md-6\">\n\t\t\t\n\n<div id=\"short-factblock_0422f37cf829a64f4ef93dc40045391a\" class=\"block__short-fact__orientation--horizontal block__short-fact alignfull -detect-in-viewport\">\n  <div class=\"\">\n    <div class=\"short-fact__icon\">\n      <img loading=\"lazy\" decoding=\"async\" width=\"48\" height=\"48\" src=\"https:\/\/si-energy.de\/wp-content\/uploads\/sites\/3\/2024\/01\/Check_ring_white.svg\" class=\"attachment-fullscreen_16_9 size-fullscreen_16_9\" alt=\"Check_ring_white\" \/>    <\/div>\n    <div class=\"short-fact__inner-content\">\n            <p class=\"short-fact__paragraph\">\n        Skalierbare Ladeinfrastruktur      <\/p>\n    <\/div>\n  <\/div>\n\n<\/div>\n\t<\/div>\n\n\n\n<div class=\"col-12 col-md-6\">\n\t\t\t\n\n<div id=\"short-factblock_56c396e4fea8acb990118a9f43354353\" class=\"block__short-fact__orientation--horizontal block__short-fact alignfull -detect-in-viewport\">\n  <div class=\"\">\n    <div class=\"short-fact__icon\">\n      <img loading=\"lazy\" decoding=\"async\" width=\"48\" height=\"48\" src=\"https:\/\/si-energy.de\/wp-content\/uploads\/sites\/3\/2024\/01\/Check_ring_white.svg\" class=\"attachment-fullscreen_16_9 size-fullscreen_16_9\" alt=\"Check_ring_white\" \/>    <\/div>\n    <div class=\"short-fact__inner-content\">\n            <p class=\"short-fact__paragraph\">\n        Einsicht \u00fcber alle Ladevorg\u00e4nge \u00fcber unser Portal      <\/p>\n    <\/div>\n  <\/div>\n\n<\/div>\n\t<\/div>\n\n<\/div>\n<\/div>\n\n\n\n<div class=\"wp-block-group alignfull is-layout-flow wp-block-group-is-layout-flow\" id=\"leistungen\">\n<h2 class=\"wp-block-heading has-text-align-center\">Warum sind Ladel\u00f6sungen f\u00fcr Parkraumanbieter interessant?<\/h2>\n\n\n\n<div id=\"horizontal-accordionblock_863e6ddb98d37b03df193283cc0bdca5\" class=\"block__horizontal-accordion -detect-in-viewport\" data-controller=\"horizontal-accordion\">\n\n  <div class=\"horizontal-accordion__inner-blocks inner-blocks\">\n    \n\n<div id=\"horizontal-accordion-itemblock_a6025e6cbad202e360b8935a50589e53\" class=\"block__horizontal-accordion-item -detect-in-viewport\" data-horizontal-accordion-target=\"item\">\n      <div class=\"horizontal-accordion-item__content\" data-action=\"click-&gt;horizontal-accordion#onToggle\" data-horizontal-accordion-id-param=\"horizontal-accordion-itemblock_a6025e6cbad202e360b8935a50589e53\">\n      <div class=\"horizontal-accordion-item__background-image\">\n        <img loading=\"lazy\" decoding=\"async\" width=\"1620\" height=\"1080\" src=\"https:\/\/si-energy.de\/wp-content\/uploads\/sites\/3\/2024\/04\/SI-Energy-Ladeloesungen-fuer-Parkraumanbieter-1620x1080.jpeg\" class=\"attachment-fullscreen_16_9 size-fullscreen_16_9\" alt=\"SI Energy Ladeloesungen fuer Parkraumanbieter\" srcset=\"https:\/\/si-energy.de\/wp-content\/uploads\/sites\/3\/2024\/04\/SI-Energy-Ladeloesungen-fuer-Parkraumanbieter-1620x1080.jpeg 1620w, https:\/\/si-energy.de\/wp-content\/uploads\/sites\/3\/2024\/04\/SI-Energy-Ladeloesungen-fuer-Parkraumanbieter-300x200.jpeg 300w, https:\/\/si-energy.de\/wp-content\/uploads\/sites\/3\/2024\/04\/SI-Energy-Ladeloesungen-fuer-Parkraumanbieter-768x512.jpeg 768w, https:\/\/si-energy.de\/wp-content\/uploads\/sites\/3\/2024\/04\/SI-Energy-Ladeloesungen-fuer-Parkraumanbieter-1024x682.jpeg 1024w, https:\/\/si-energy.de\/wp-content\/uploads\/sites\/3\/2024\/04\/SI-Energy-Ladeloesungen-fuer-Parkraumanbieter-1536x1024.jpeg 1536w, https:\/\/si-energy.de\/wp-content\/uploads\/sites\/3\/2024\/04\/SI-Energy-Ladeloesungen-fuer-Parkraumanbieter-400x267.jpeg 400w, https:\/\/si-energy.de\/wp-content\/uploads\/sites\/3\/2024\/04\/SI-Energy-Ladeloesungen-fuer-Parkraumanbieter.jpeg 2000w\" sizes=\"auto, (max-width: 1620px) 100vw, 1620px\" \/>      <\/div>\n      <h4>Kundenzufriedenheit steigern<\/h4>\n      <div href=\"#\" class=\"horizontal-accordion__item-icon\">\n        <svg viewBox=\"0 0 81 86\">\n          <use xlink:href=\"#horizontal-accordion-toggle\"><\/use>\n        <\/svg>\n      <\/div>\n      <div class=\"horizontal-accordion-item__inner-blocks inner-blocks\">\n        \n\n<p>Mit hochwertigen Ladel\u00f6sungen sorgen Sie f\u00fcr eine ideale Kundenerfahrung und steigern die Loyalit\u00e4t.<\/p>\n\n      <\/div>\n    <\/div>\n<\/div>\n\n\n\n<div id=\"horizontal-accordion-itemblock_327e247ffe707f35eba836bab42cb502\" class=\"block__horizontal-accordion-item -detect-in-viewport\" data-horizontal-accordion-target=\"item\">\n      <div class=\"horizontal-accordion-item__content\" data-action=\"click-&gt;horizontal-accordion#onToggle\" data-horizontal-accordion-id-param=\"horizontal-accordion-itemblock_327e247ffe707f35eba836bab42cb502\">\n      <div class=\"horizontal-accordion-item__background-image\">\n        <img loading=\"lazy\" decoding=\"async\" width=\"1920\" height=\"1076\" src=\"https:\/\/si-energy.de\/wp-content\/uploads\/sites\/3\/2024\/04\/SI-Energy-Ladeloesungen-fuer-Parkraumanbieter-3-1920x1076.jpeg\" class=\"attachment-fullscreen_16_9 size-fullscreen_16_9\" alt=\"SI Energy Ladeloesungen fuer Parkraumanbieter (3)\" srcset=\"https:\/\/si-energy.de\/wp-content\/uploads\/sites\/3\/2024\/04\/SI-Energy-Ladeloesungen-fuer-Parkraumanbieter-3-1920x1076.jpeg 1920w, https:\/\/si-energy.de\/wp-content\/uploads\/sites\/3\/2024\/04\/SI-Energy-Ladeloesungen-fuer-Parkraumanbieter-3-300x168.jpeg 300w, https:\/\/si-energy.de\/wp-content\/uploads\/sites\/3\/2024\/04\/SI-Energy-Ladeloesungen-fuer-Parkraumanbieter-3-768x430.jpeg 768w, https:\/\/si-energy.de\/wp-content\/uploads\/sites\/3\/2024\/04\/SI-Energy-Ladeloesungen-fuer-Parkraumanbieter-3-1024x574.jpeg 1024w, https:\/\/si-energy.de\/wp-content\/uploads\/sites\/3\/2024\/04\/SI-Energy-Ladeloesungen-fuer-Parkraumanbieter-3-1536x861.jpeg 1536w, https:\/\/si-energy.de\/wp-content\/uploads\/sites\/3\/2024\/04\/SI-Energy-Ladeloesungen-fuer-Parkraumanbieter-3-400x224.jpeg 400w, https:\/\/si-energy.de\/wp-content\/uploads\/sites\/3\/2024\/04\/SI-Energy-Ladeloesungen-fuer-Parkraumanbieter-3.jpeg 2000w\" sizes=\"auto, (max-width: 1920px) 100vw, 1920px\" \/>      <\/div>\n      <h4>E-Autofahrer anziehen<\/h4>\n      <div href=\"#\" class=\"horizontal-accordion__item-icon\">\n        <svg viewBox=\"0 0 81 86\">\n          <use xlink:href=\"#horizontal-accordion-toggle\"><\/use>\n        <\/svg>\n      <\/div>\n      <div class=\"horizontal-accordion-item__inner-blocks inner-blocks\">\n        \n\n<p>Ladestationen machen Ihre Parkfl\u00e4chen f\u00fcr Besitzer von Elektrofahrzeugen attraktiver als die des Wettbewerbs.<\/p>\n\n      <\/div>\n    <\/div>\n<\/div>\n\n\n\n<div id=\"horizontal-accordion-itemblock_a9cd0651391602a3a82031e9d9c6d235\" class=\"block__horizontal-accordion-item -detect-in-viewport\" data-horizontal-accordion-target=\"item\">\n      <div class=\"horizontal-accordion-item__content\" data-action=\"click-&gt;horizontal-accordion#onToggle\" data-horizontal-accordion-id-param=\"horizontal-accordion-itemblock_a9cd0651391602a3a82031e9d9c6d235\">\n      <div class=\"horizontal-accordion-item__background-image\">\n        <img loading=\"lazy\" decoding=\"async\" width=\"1814\" height=\"1080\" src=\"https:\/\/si-energy.de\/wp-content\/uploads\/sites\/3\/2024\/04\/SI-Energy-Ladeloesungen-fuer-Parkraumanbieter-4-1814x1080.jpeg\" class=\"attachment-fullscreen_16_9 size-fullscreen_16_9\" alt=\"SI Energy Ladeloesungen fuer Parkraumanbieter\" srcset=\"https:\/\/si-energy.de\/wp-content\/uploads\/sites\/3\/2024\/04\/SI-Energy-Ladeloesungen-fuer-Parkraumanbieter-4-1814x1080.jpeg 1814w, https:\/\/si-energy.de\/wp-content\/uploads\/sites\/3\/2024\/04\/SI-Energy-Ladeloesungen-fuer-Parkraumanbieter-4-300x179.jpeg 300w, https:\/\/si-energy.de\/wp-content\/uploads\/sites\/3\/2024\/04\/SI-Energy-Ladeloesungen-fuer-Parkraumanbieter-4-768x457.jpeg 768w, https:\/\/si-energy.de\/wp-content\/uploads\/sites\/3\/2024\/04\/SI-Energy-Ladeloesungen-fuer-Parkraumanbieter-4-1024x610.jpeg 1024w, https:\/\/si-energy.de\/wp-content\/uploads\/sites\/3\/2024\/04\/SI-Energy-Ladeloesungen-fuer-Parkraumanbieter-4-1536x915.jpeg 1536w, https:\/\/si-energy.de\/wp-content\/uploads\/sites\/3\/2024\/04\/SI-Energy-Ladeloesungen-fuer-Parkraumanbieter-4-400x238.jpeg 400w, https:\/\/si-energy.de\/wp-content\/uploads\/sites\/3\/2024\/04\/SI-Energy-Ladeloesungen-fuer-Parkraumanbieter-4.jpeg 2000w\" sizes=\"auto, (max-width: 1814px) 100vw, 1814px\" \/>      <\/div>\n      <h4>Neue Einnahmequellen erschlie\u00dfen<\/h4>\n      <div href=\"#\" class=\"horizontal-accordion__item-icon\">\n        <svg viewBox=\"0 0 81 86\">\n          <use xlink:href=\"#horizontal-accordion-toggle\"><\/use>\n        <\/svg>\n      <\/div>\n      <div class=\"horizontal-accordion-item__inner-blocks inner-blocks\">\n        \n\n<p>Profitieren Sie unmittelbar von der wachsenden Zahl an Elektrofahrerinnen und -fahrern.<\/p>\n\n      <\/div>\n    <\/div>\n<\/div>\n\n\n\n<div id=\"horizontal-accordion-itemblock_52f8373f4f1ff10aa859706390327620\" class=\"block__horizontal-accordion-item -detect-in-viewport\" data-horizontal-accordion-target=\"item\">\n      <div class=\"horizontal-accordion-item__content\" data-action=\"click-&gt;horizontal-accordion#onToggle\" data-horizontal-accordion-id-param=\"horizontal-accordion-itemblock_52f8373f4f1ff10aa859706390327620\">\n      <div class=\"horizontal-accordion-item__background-image\">\n        <img loading=\"lazy\" decoding=\"async\" width=\"1920\" height=\"1078\" src=\"https:\/\/si-energy.de\/wp-content\/uploads\/sites\/3\/2024\/04\/SI-Energy-Ladeloesungen-fuer-Parkraumanbieter-5-1920x1078.jpeg\" class=\"attachment-fullscreen_16_9 size-fullscreen_16_9\" alt=\"SI Energy Ladeloesungen fuer Parkraumanbieter\" srcset=\"https:\/\/si-energy.de\/wp-content\/uploads\/sites\/3\/2024\/04\/SI-Energy-Ladeloesungen-fuer-Parkraumanbieter-5-1920x1078.jpeg 1920w, https:\/\/si-energy.de\/wp-content\/uploads\/sites\/3\/2024\/04\/SI-Energy-Ladeloesungen-fuer-Parkraumanbieter-5-300x168.jpeg 300w, https:\/\/si-energy.de\/wp-content\/uploads\/sites\/3\/2024\/04\/SI-Energy-Ladeloesungen-fuer-Parkraumanbieter-5-768x431.jpeg 768w, https:\/\/si-energy.de\/wp-content\/uploads\/sites\/3\/2024\/04\/SI-Energy-Ladeloesungen-fuer-Parkraumanbieter-5-1024x575.jpeg 1024w, https:\/\/si-energy.de\/wp-content\/uploads\/sites\/3\/2024\/04\/SI-Energy-Ladeloesungen-fuer-Parkraumanbieter-5-1536x862.jpeg 1536w, https:\/\/si-energy.de\/wp-content\/uploads\/sites\/3\/2024\/04\/SI-Energy-Ladeloesungen-fuer-Parkraumanbieter-5-400x225.jpeg 400w, https:\/\/si-energy.de\/wp-content\/uploads\/sites\/3\/2024\/04\/SI-Energy-Ladeloesungen-fuer-Parkraumanbieter-5.jpeg 2000w\" sizes=\"auto, (max-width: 1920px) 100vw, 1920px\" \/>      <\/div>\n      <h4>Gr\u00fcnes Parken erm\u00f6glichen<\/h4>\n      <div href=\"#\" class=\"horizontal-accordion__item-icon\">\n        <svg viewBox=\"0 0 81 86\">\n          <use xlink:href=\"#horizontal-accordion-toggle\"><\/use>\n        <\/svg>\n      <\/div>\n      <div class=\"horizontal-accordion-item__inner-blocks inner-blocks\">\n        \n\n<p>Setzen Sie ein deutliches Statement und unterstreichen Sie das Engagement Ihrer Marke f\u00fcr eine nachhaltige Zukunft.<\/p>\n\n      <\/div>\n    <\/div>\n<\/div>\n\n  <\/div>\n\n<\/div><\/div>\n\n\n\n<div id=\"kontakt\" class=\"wp-block-group is-layout-constrained wp-block-group-is-layout-constrained\">\n<h2 class=\"wp-block-heading has-text-align-center\">Ihre Anfrage<\/h2>\n\n\n\n<p class=\"has-text-align-center\">Bereit, die Energiewende mit SI Energy als Partner voranzutreiben? Kontaktieren Sie uns noch heute, um mehr \u00fcber unsere Dienstleistungen zu erfahren.<\/p>\n\n\n<div class=\"frm_forms  with_frm_style frm_style_formidable-style\" id=\"frm_form_1_container\" >\n<form enctype=\"multipart\/form-data\" method=\"post\" class=\"frm-show-form  frm_ajax_submit  frm_pro_form \" id=\"form_contact-form\" >\n<div class=\"frm_form_fields \">\n<fieldset>\n<legend class=\"frm_screen_reader\">Kontaktformular SI Energy<\/legend>\r\n\r\n<div class=\"frm_fields_container\">\n<input type=\"hidden\" name=\"frm_action\" value=\"create\" \/>\n<input type=\"hidden\" name=\"form_id\" value=\"1\" \/>\n<input type=\"hidden\" name=\"frm_hide_fields_1\" id=\"frm_hide_fields_1\" value=\"\" \/>\n<input type=\"hidden\" name=\"form_key\" value=\"contact-form\" \/>\n<input type=\"hidden\" name=\"item_meta[0]\" value=\"\" \/>\n<input type=\"hidden\" id=\"frm_submit_entry_1\" name=\"frm_submit_entry_1\" value=\"d08672e7ff\" \/><input type=\"hidden\" name=\"_wp_http_referer\" value=\"\/at\/wp-json\/wp\/v2\/pages\/2260\" \/><div id=\"frm_field_6_container\" class=\"frm_form_field form-field  frm_top_container\">\r\n    <label for=\"field_c3v4z\" id=\"field_c3v4z_label\" class=\"frm_primary_label\">Firma\r\n        <span class=\"frm_required\" aria-hidden=\"true\"><\/span>\r\n    <\/label>\r\n    <input  type=\"text\" id=\"field_c3v4z\" name=\"item_meta[6]\" value=\"\"  data-invmsg=\"Text ist ung\u00fcltig\" aria-invalid=\"false\"   \/>\r\n    \r\n    \r\n<\/div>\n<div id=\"frm_field_1_container\" class=\"frm_form_field form-field  frm_required_field frm_top_container frm_first frm_half\">\r\n    <label for=\"field_qh4icy\" id=\"field_qh4icy_label\" class=\"frm_primary_label\">Vorname\r\n        <span class=\"frm_required\" aria-hidden=\"true\">*<\/span>\r\n    <\/label>\r\n    <input  type=\"text\" id=\"field_qh4icy\" name=\"item_meta[1]\" value=\"\"  data-reqmsg=\"Dieses Feld darf nicht leer sein.\" aria-required=\"true\" data-invmsg=\"Name ist ung\u00fcltig\" aria-invalid=\"false\"   \/>\r\n    \r\n    \r\n<\/div>\n<div id=\"frm_field_2_container\" class=\"frm_form_field form-field  frm_required_field frm_top_container frm_half\">\r\n    <label for=\"field_ocfup1\" id=\"field_ocfup1_label\" class=\"frm_primary_label\">Nachname\r\n        <span class=\"frm_required\" aria-hidden=\"true\">*<\/span>\r\n    <\/label>\r\n    <input  type=\"text\" id=\"field_ocfup1\" name=\"item_meta[2]\" value=\"\"  data-reqmsg=\"Dieses Feld darf nicht leer sein.\" aria-required=\"true\" data-invmsg=\"Last ist ung\u00fcltig\" aria-invalid=\"false\"   \/>\r\n    \r\n    \r\n<\/div>\n<div id=\"frm_field_3_container\" class=\"frm_form_field form-field  frm_required_field frm_top_container frm_full\">\r\n    <label for=\"field_29yf4d\" id=\"field_29yf4d_label\" class=\"frm_primary_label\">E-Mail\r\n        <span class=\"frm_required\" aria-hidden=\"true\">*<\/span>\r\n    <\/label>\r\n    <input type=\"email\" id=\"field_29yf4d\" name=\"item_meta[3]\" value=\"\"  data-reqmsg=\"Dieses Feld darf nicht leer sein.\" aria-required=\"true\" data-invmsg=\"Please enter a valid email address\" aria-invalid=\"false\"  \/>\r\n    \r\n    \r\n<\/div>\n<div id=\"frm_field_4_container\" class=\"frm_form_field form-field  frm_top_container\">\r\n    <label for=\"field_e6lis6\" id=\"field_e6lis6_label\" class=\"frm_primary_label\">Telefon\r\n        <span class=\"frm_required\" aria-hidden=\"true\"><\/span>\r\n    <\/label>\r\n    <input  type=\"text\" id=\"field_e6lis6\" name=\"item_meta[4]\" value=\"\"  data-invmsg=\"Subject ist ung\u00fcltig\" aria-invalid=\"false\"   \/>\r\n    \r\n    \r\n<\/div>\n<div id=\"frm_field_5_container\" class=\"frm_form_field form-field  frm_required_field frm_top_container frm_full\">\r\n    <label for=\"field_9jv0r1\" id=\"field_9jv0r1_label\" class=\"frm_primary_label\">Nachricht\r\n        <span class=\"frm_required\" aria-hidden=\"true\">*<\/span>\r\n    <\/label>\r\n    <textarea name=\"item_meta[5]\" id=\"field_9jv0r1\" rows=\"5\"  data-reqmsg=\"Dieses Feld darf nicht leer sein.\" aria-required=\"true\" data-invmsg=\"Message ist ung\u00fcltig\" aria-invalid=\"false\"  ><\/textarea>\r\n    \r\n    \r\n<\/div>\n<div id=\"frm_field_37_container\" class=\"frm_form_field form-field \">\r\n\t<div class=\"frm_submit frm_flex\">\r\n<button class=\"frm_button_submit frm_final_submit\" type=\"submit\"  formnovalidate=\"formnovalidate\">Senden<\/button>\r\n\r\n\r\n\r\n<\/div>\r\n<\/div>\n\t<input type=\"hidden\" name=\"item_key\" value=\"\" \/>\n\t\t\t<div id=\"frm_field_77_container\">\n\t\t\t<label for=\"field_juo5d\" >\n\t\t\t\tIf you are human, leave this field blank.\t\t\t<\/label>\n\t\t\t<input  id=\"field_juo5d\" type=\"text\" class=\"frm_form_field form-field frm_verify\" name=\"item_meta[77]\" value=\"\"  \/>\n\t\t<\/div>\n\t\t<input name=\"frm_state\" type=\"hidden\" value=\"nmK3UXHHemDTlHx7aF8\/MjON1PqGp+8qe4Fjei8M4HceHzqA0B8Gzifh17sfYPZQ\" \/><\/div>\n<\/fieldset>\n<\/div>\n\n<\/form>\n<\/div>\n<\/div>\n","protected":false},"excerpt":{"rendered":"<p>Ihre Vorteile Warum sind Ladel\u00f6sungen f\u00fcr Parkraumanbieter interessant? Ihre Anfrage Bereit, die Energiewende mit SI Energy als Partner voranzutreiben? Kontaktieren Sie uns noch heute, um mehr \u00fcber unsere Dienstleistungen zu erfahren.<\/p>\n","protected":false},"author":1,"featured_media":0,"parent":0,"menu_order":0,"comment_status":"closed","ping_status":"closed","template":"","meta":{"footnotes":""},"class_list":["post-2260","page","type-page","status-publish","hentry"],"aioseo_notices":[],"acf":[],"_links":{"self":[{"href":"https:\/\/si-energy.de\/at\/wp-json\/wp\/v2\/pages\/2260","targetHints":{"allow":["GET"]}}],"collection":[{"href":"https:\/\/si-energy.de\/at\/wp-json\/wp\/v2\/pages"}],"about":[{"href":"https:\/\/si-energy.de\/at\/wp-json\/wp\/v2\/types\/page"}],"author":[{"embeddable":true,"href":"https:\/\/si-energy.de\/at\/wp-json\/wp\/v2\/users\/1"}],"replies":[{"embeddable":true,"href":"https:\/\/si-energy.de\/at\/wp-json\/wp\/v2\/comments?post=2260"}],"version-history":[{"count":0,"href":"https:\/\/si-energy.de\/at\/wp-json\/wp\/v2\/pages\/2260\/revisions"}],"wp:attachment":[{"href":"https:\/\/si-energy.de\/at\/wp-json\/wp\/v2\/media?parent=2260"}],"curies":[{"name":"wp","href":"https:\/\/api.w.org\/{rel}","templated":true}]}}