{"id":2261,"date":"2024-03-19T14:55:55","date_gmt":"2024-03-19T13:55:55","guid":{"rendered":"https:\/\/si-energy.de\/?page_id=2261"},"modified":"2024-08-26T11:46:17","modified_gmt":"2024-08-26T09:46:17","slug":"ladeloesungen-fuer-den-handel","status":"publish","type":"page","link":"https:\/\/si-energy.de\/at\/ladeloesungen-fuer-den-handel\/","title":{"rendered":"Ladel\u00f6sungen f\u00fcr den Handel"},"content":{"rendered":"<div id=\"keyvisualblock_9b386731863fde5ed1b3d88b92050d82\" class=\"has-background block__keyvisual--type-overlapping-banner block__keyvisual alignfull -detect-in-viewport\" data-controller=\"keyvisual\" >\n            <div class=\"keyvisual__background\">\n                            <img loading=\"lazy\" decoding=\"async\" width=\"1620\" height=\"1080\" src=\"https:\/\/si-energy.de\/wp-content\/uploads\/sites\/3\/2024\/04\/SI-Energy-Ladeloesungen-fuer-den-Handel-1620x1080.jpeg\" class=\"attachment-fullscreen_16_9 size-fullscreen_16_9\" alt=\"SI Energy Ladeloesungen fuer den Handel\" srcset=\"https:\/\/si-energy.de\/wp-content\/uploads\/sites\/3\/2024\/04\/SI-Energy-Ladeloesungen-fuer-den-Handel-1620x1080.jpeg 1620w, https:\/\/si-energy.de\/wp-content\/uploads\/sites\/3\/2024\/04\/SI-Energy-Ladeloesungen-fuer-den-Handel-300x200.jpeg 300w, https:\/\/si-energy.de\/wp-content\/uploads\/sites\/3\/2024\/04\/SI-Energy-Ladeloesungen-fuer-den-Handel-768x512.jpeg 768w, https:\/\/si-energy.de\/wp-content\/uploads\/sites\/3\/2024\/04\/SI-Energy-Ladeloesungen-fuer-den-Handel-1024x682.jpeg 1024w, https:\/\/si-energy.de\/wp-content\/uploads\/sites\/3\/2024\/04\/SI-Energy-Ladeloesungen-fuer-den-Handel-1536x1024.jpeg 1536w, https:\/\/si-energy.de\/wp-content\/uploads\/sites\/3\/2024\/04\/SI-Energy-Ladeloesungen-fuer-den-Handel-400x267.jpeg 400w, https:\/\/si-energy.de\/wp-content\/uploads\/sites\/3\/2024\/04\/SI-Energy-Ladeloesungen-fuer-den-Handel.jpeg 2000w\" sizes=\"auto, (max-width: 1620px) 100vw, 1620px\" \/>                    <\/div>\n            \n\n    <div class=\"keyvisual__wrapper\">\n        <div class=\"container inner-blocks\">\n                        \n\n<div class=\"wp-block-group is-vertical is-content-justification-center is-nowrap is-layout-flex wp-container-core-group-is-layout-6e392426 wp-block-group-is-layout-flex\">\n<h1 class=\"wp-block-heading has-white-color has-text-color has-link-color wp-elements-2176dfcfdd839126f351cf16ea757dfe\">Einkaufen mit neuer Energie<\/h1>\n\n\n\n<p class=\"has-white-color has-text-color has-link-color has-large-font-size wp-elements-be13136765be462c1de1cac94d641f03\">Ladel\u00f6sungen f\u00fcr den Handel<\/p>\n<\/div>\n\n        <\/div>\n\n    <\/div>\n\n    \n\n<\/div>\n\n\n<div class=\"wp-block-group alignwide is-layout-flow wp-block-group-is-layout-flow\"><div class=\"wp-bootstrap-blocks-row row gx-5 justify-content-center align-items-center\">\n\t\n\n<div class=\"col-12 col-md-6 vertical-center\">\n\t\t\t\n\n<h2 class=\"wp-block-heading\">Elektrisierende Kundenerlebnisse<\/h2>\n\n\n\n<p>Machen Sie jeden Einkaufsbummel Ihrer Kunden zu einem besonderen Erlebnis. Mit unseren L\u00f6sungen bieten Sie neben Ihren Produkten einen weiteren Mehrwert &#8211; eine Ladem\u00f6glichkeit f\u00fcr E-Fahrzeuge direkt vor Ihrer T\u00fcr. So motivieren Sie zu l\u00e4ngeren Verweilzeiten und st\u00e4rken die Bindung an Ihre Marke.<\/p>\n\n\n\n<p>Profilieren Sie sich als innovatives Unternehmen, das wei\u00df, was Verbraucherinnen und Verbraucher heute vor allem sch\u00e4tzen: Komfort, Effizienz und Engagement f\u00fcr eine gr\u00fcne Zukunft. Mit uns an Ihrer Seite steigern Sie die Zufriedenheit Ihrer Kunden und werden dar\u00fcber hinaus zum gesch\u00e4tzten Helfer im Alltag.<\/p>\n\n\n\n<div id=\"buttonblock_c24deaa85844e85f2e8919a33ca9f7f9\" class=\"btn--align-left block__button -detect-in-viewport\">\n\n  <div class=\"button__link \">\n          <a href=\"#kontakt\" target=\"\" class=\"btn btn--primary   \">\n        Unverbindlich anfragen        <svg viewBox=\"0 0 24 24\">\n          <use xlink:href=\"#button-arrow\"><\/use>\n        <\/svg>\n      <\/a>\n      <\/div>\n\n\n\n<\/div>\n\t<\/div>\n\n\n\n<div class=\"col-12 col-md-6 vertical-center\">\n\t\t\t\n\n<div id=\"image-with-chipblock_deddf370b1a1f7b0f15d6515c0914af7\" class=\"block__image-with-chip -detect-in-viewport\">\n  <div class=\"image-with-chip__wrapper\">\n    <div class=\"image-with-chip__image\">\n      <img loading=\"lazy\" decoding=\"async\" width=\"1080\" height=\"1080\" src=\"https:\/\/si-energy.de\/wp-content\/uploads\/sites\/3\/2024\/03\/SI-Energy-Keyvisual-2-1.webp\" class=\"attachment-fullscreen_16_9 size-fullscreen_16_9\" alt=\"\" srcset=\"https:\/\/si-energy.de\/wp-content\/uploads\/sites\/3\/2024\/03\/SI-Energy-Keyvisual-2-1.webp 1080w, https:\/\/si-energy.de\/wp-content\/uploads\/sites\/3\/2024\/03\/SI-Energy-Keyvisual-2-1-300x300.webp 300w, https:\/\/si-energy.de\/wp-content\/uploads\/sites\/3\/2024\/03\/SI-Energy-Keyvisual-2-1-1024x1024.webp 1024w, https:\/\/si-energy.de\/wp-content\/uploads\/sites\/3\/2024\/03\/SI-Energy-Keyvisual-2-1-150x150.webp 150w, https:\/\/si-energy.de\/wp-content\/uploads\/sites\/3\/2024\/03\/SI-Energy-Keyvisual-2-1-768x768.webp 768w, https:\/\/si-energy.de\/wp-content\/uploads\/sites\/3\/2024\/03\/SI-Energy-Keyvisual-2-1-400x400.webp 400w, https:\/\/si-energy.de\/wp-content\/uploads\/sites\/3\/2024\/03\/SI-Energy-Keyvisual-2-1-738x738.webp 738w\" sizes=\"auto, (max-width: 1080px) 100vw, 1080px\" \/>      <div class=\"image-with-chip__chip image-with-chip__chip--right      animate__animated animate__siRotateIn-right animate__delay-default\">\n        <svg width=\"326\" height=\"326\" viewBox=\"0 0 326 326\" fill=\"none\" xmlns=\"http:\/\/www.w3.org\/2000\/svg\">\n          <use xlink:href=\" #image-chip\">\n        <\/svg>\n      <\/div>\n    <\/div>\n  <\/div>\n<\/div>\n\t<\/div>\n\n<\/div>\n<\/div>\n\n\n\n<div class=\"wp-block-group alignwide has-primary-background-color has-background is-layout-constrained wp-block-group-is-layout-constrained\">\n<h2 class=\"wp-block-heading has-text-align-center\">Ihre Vorteile<\/h2>\n\n\n<div class=\"wp-bootstrap-blocks-row row\">\n\t\n\n<div class=\"col-12 col-md-6\">\n\t\t\t\n\n<div id=\"short-factblock_5c2e67d5e487ceaa23afc26a66f869a6\" class=\"block__short-fact__orientation--horizontal block__short-fact alignfull -detect-in-viewport\">\n  <div class=\"\">\n    <div class=\"short-fact__icon\">\n      <img loading=\"lazy\" decoding=\"async\" width=\"48\" height=\"48\" src=\"https:\/\/si-energy.de\/wp-content\/uploads\/sites\/3\/2024\/01\/Check_ring_white.svg\" class=\"attachment-fullscreen_16_9 size-fullscreen_16_9\" alt=\"Check_ring_white\" \/>    <\/div>\n    <div class=\"short-fact__inner-content\">\n            <p class=\"short-fact__paragraph\">\n        Sichere Beschaffung aller Bauelemente      <\/p>\n    <\/div>\n  <\/div>\n\n<\/div>\n\t<\/div>\n\n\n\n<div class=\"col-12 col-md-6\">\n\t\t\t\n\n<div id=\"short-factblock_ed546d48330a96dd10a121c408dbd843\" class=\"block__short-fact__orientation--horizontal block__short-fact alignfull -detect-in-viewport\">\n  <div class=\"\">\n    <div class=\"short-fact__icon\">\n      <img loading=\"lazy\" decoding=\"async\" width=\"48\" height=\"48\" src=\"https:\/\/si-energy.de\/wp-content\/uploads\/sites\/3\/2024\/01\/Check_ring_white.svg\" class=\"attachment-fullscreen_16_9 size-fullscreen_16_9\" alt=\"Check_ring_white\" \/>    <\/div>\n    <div class=\"short-fact__inner-content\">\n            <p class=\"short-fact__paragraph\">\n        Abrechnung und Service 24\/7      <\/p>\n    <\/div>\n  <\/div>\n\n<\/div>\n\t<\/div>\n\n\n\n<div class=\"col-12 col-md-6\">\n\t\t\t\n\n<div id=\"short-factblock_47665c5023a81e914814ebcf86ac2688\" class=\"block__short-fact__orientation--horizontal block__short-fact alignfull -detect-in-viewport\">\n  <div class=\"\">\n    <div class=\"short-fact__icon\">\n      <img loading=\"lazy\" decoding=\"async\" width=\"48\" height=\"48\" src=\"https:\/\/si-energy.de\/wp-content\/uploads\/sites\/3\/2024\/01\/Check_ring_white.svg\" class=\"attachment-fullscreen_16_9 size-fullscreen_16_9\" alt=\"Check_ring_white\" \/>    <\/div>\n    <div class=\"short-fact__inner-content\">\n            <p class=\"short-fact__paragraph\">\n        Bau und Betrieb aus einer Hand      <\/p>\n    <\/div>\n  <\/div>\n\n<\/div>\n\t<\/div>\n\n\n\n<div class=\"col-12 col-md-6\">\n\t\t\t\n\n<div id=\"short-factblock_c8148c8c9ad497dae5000e71f2262f6b\" class=\"block__short-fact__orientation--horizontal block__short-fact alignfull -detect-in-viewport\">\n  <div class=\"\">\n    <div class=\"short-fact__icon\">\n      <img loading=\"lazy\" decoding=\"async\" width=\"48\" height=\"48\" src=\"https:\/\/si-energy.de\/wp-content\/uploads\/sites\/3\/2024\/01\/Check_ring_white.svg\" class=\"attachment-fullscreen_16_9 size-fullscreen_16_9\" alt=\"Check_ring_white\" \/>    <\/div>\n    <div class=\"short-fact__inner-content\">\n            <p class=\"short-fact__paragraph\">\n        Transparente Abrechnung und Verg\u00fctung      <\/p>\n    <\/div>\n  <\/div>\n\n<\/div>\n\t<\/div>\n\n\n\n<div class=\"col-12 col-md-6\">\n\t\t\t\n\n<div id=\"short-factblock_bad538078a20658bb056e307b02dfe07\" class=\"block__short-fact__orientation--horizontal block__short-fact alignfull -detect-in-viewport\">\n  <div class=\"\">\n    <div class=\"short-fact__icon\">\n      <img loading=\"lazy\" decoding=\"async\" width=\"48\" height=\"48\" src=\"https:\/\/si-energy.de\/wp-content\/uploads\/sites\/3\/2024\/01\/Check_ring_white.svg\" class=\"attachment-fullscreen_16_9 size-fullscreen_16_9\" alt=\"Check_ring_white\" \/>    <\/div>\n    <div class=\"short-fact__inner-content\">\n            <p class=\"short-fact__paragraph\">\n        Skalierbare Ladeinfrastruktur      <\/p>\n    <\/div>\n  <\/div>\n\n<\/div>\n\t<\/div>\n\n\n\n<div class=\"col-12 col-md-6\">\n\t\t\t\n\n<div id=\"short-factblock_29de6777a2c6358769a499ad3951761e\" class=\"block__short-fact__orientation--horizontal block__short-fact alignfull -detect-in-viewport\">\n  <div class=\"\">\n    <div class=\"short-fact__icon\">\n      <img loading=\"lazy\" decoding=\"async\" width=\"48\" height=\"48\" src=\"https:\/\/si-energy.de\/wp-content\/uploads\/sites\/3\/2024\/01\/Check_ring_white.svg\" class=\"attachment-fullscreen_16_9 size-fullscreen_16_9\" alt=\"Check_ring_white\" \/>    <\/div>\n    <div class=\"short-fact__inner-content\">\n            <p class=\"short-fact__paragraph\">\n        Einsicht \u00fcber alle Ladevorg\u00e4nge \u00fcber unser Portal      <\/p>\n    <\/div>\n  <\/div>\n\n<\/div>\n\t<\/div>\n\n<\/div>\n<\/div>\n\n\n\n<div class=\"wp-block-group alignfull is-layout-flow wp-block-group-is-layout-flow\" id=\"leistungen\">\n<h2 class=\"wp-block-heading has-text-align-center\">Warum sind Ladel\u00f6sungen f\u00fcr den Handel spannend?<\/h2>\n\n\n\n<div id=\"horizontal-accordionblock_edd7055fd457bb8fe60e803c7ddbc706\" class=\"block__horizontal-accordion -detect-in-viewport\" data-controller=\"horizontal-accordion\">\n\n  <div class=\"horizontal-accordion__inner-blocks inner-blocks\">\n    \n\n<div id=\"horizontal-accordion-itemblock_7da6b69ea34dc96c0c1c0dad9ab4107f\" class=\"block__horizontal-accordion-item -detect-in-viewport\" data-horizontal-accordion-target=\"item\">\n      <div class=\"horizontal-accordion-item__content\" data-action=\"click-&gt;horizontal-accordion#onToggle\" data-horizontal-accordion-id-param=\"horizontal-accordion-itemblock_7da6b69ea34dc96c0c1c0dad9ab4107f\">\n      <div class=\"horizontal-accordion-item__background-image\">\n        <img loading=\"lazy\" decoding=\"async\" width=\"1920\" height=\"1080\" src=\"https:\/\/si-energy.de\/wp-content\/uploads\/sites\/3\/2024\/04\/SI-Energy-Ladeloesungen-fuer-den-Handel-2-1920x1080.jpeg\" class=\"attachment-fullscreen_16_9 size-fullscreen_16_9\" alt=\"SI Energy Ladeloesungen fuer den Handel (4)\" srcset=\"https:\/\/si-energy.de\/wp-content\/uploads\/sites\/3\/2024\/04\/SI-Energy-Ladeloesungen-fuer-den-Handel-2-1920x1080.jpeg 1920w, https:\/\/si-energy.de\/wp-content\/uploads\/sites\/3\/2024\/04\/SI-Energy-Ladeloesungen-fuer-den-Handel-2-300x169.jpeg 300w, https:\/\/si-energy.de\/wp-content\/uploads\/sites\/3\/2024\/04\/SI-Energy-Ladeloesungen-fuer-den-Handel-2-768x432.jpeg 768w, https:\/\/si-energy.de\/wp-content\/uploads\/sites\/3\/2024\/04\/SI-Energy-Ladeloesungen-fuer-den-Handel-2-1024x576.jpeg 1024w, https:\/\/si-energy.de\/wp-content\/uploads\/sites\/3\/2024\/04\/SI-Energy-Ladeloesungen-fuer-den-Handel-2-1536x864.jpeg 1536w, https:\/\/si-energy.de\/wp-content\/uploads\/sites\/3\/2024\/04\/SI-Energy-Ladeloesungen-fuer-den-Handel-2-400x225.jpeg 400w, https:\/\/si-energy.de\/wp-content\/uploads\/sites\/3\/2024\/04\/SI-Energy-Ladeloesungen-fuer-den-Handel-2-738x416.jpeg 738w, https:\/\/si-energy.de\/wp-content\/uploads\/sites\/3\/2024\/04\/SI-Energy-Ladeloesungen-fuer-den-Handel-2.jpeg 2000w\" sizes=\"auto, (max-width: 1920px) 100vw, 1920px\" \/>      <\/div>\n      <h4>L\u00e4ngere Verweilzeiten<\/h4>\n      <div href=\"#\" class=\"horizontal-accordion__item-icon\">\n        <svg viewBox=\"0 0 81 86\">\n          <use xlink:href=\"#horizontal-accordion-toggle\"><\/use>\n        <\/svg>\n      <\/div>\n      <div class=\"horizontal-accordion-item__inner-blocks inner-blocks\">\n        \n\n<p>Ihre Kunden dehnen ihren Einkauf aus, wenn sie w\u00e4hrenddessen ihr Fahrzeug aufladen k\u00f6nnen.<\/p>\n\n      <\/div>\n    <\/div>\n<\/div>\n\n\n\n<div id=\"horizontal-accordion-itemblock_69ec42de1eb2d357313b7baceeef7cce\" class=\"block__horizontal-accordion-item -detect-in-viewport\" data-horizontal-accordion-target=\"item\">\n      <div class=\"horizontal-accordion-item__content\" data-action=\"click-&gt;horizontal-accordion#onToggle\" data-horizontal-accordion-id-param=\"horizontal-accordion-itemblock_69ec42de1eb2d357313b7baceeef7cce\">\n      <div class=\"horizontal-accordion-item__background-image\">\n        <img loading=\"lazy\" decoding=\"async\" width=\"1619\" height=\"1080\" src=\"https:\/\/si-energy.de\/wp-content\/uploads\/sites\/3\/2024\/04\/SI-Energy-Ladeloesungen-fuer-den-Handel-3-1619x1080.jpeg\" class=\"attachment-fullscreen_16_9 size-fullscreen_16_9\" alt=\"SI Energy Ladeloesungen fuer den Handel (4)\" srcset=\"https:\/\/si-energy.de\/wp-content\/uploads\/sites\/3\/2024\/04\/SI-Energy-Ladeloesungen-fuer-den-Handel-3-1619x1080.jpeg 1619w, https:\/\/si-energy.de\/wp-content\/uploads\/sites\/3\/2024\/04\/SI-Energy-Ladeloesungen-fuer-den-Handel-3-300x200.jpeg 300w, https:\/\/si-energy.de\/wp-content\/uploads\/sites\/3\/2024\/04\/SI-Energy-Ladeloesungen-fuer-den-Handel-3-768x512.jpeg 768w, https:\/\/si-energy.de\/wp-content\/uploads\/sites\/3\/2024\/04\/SI-Energy-Ladeloesungen-fuer-den-Handel-3-1024x683.jpeg 1024w, https:\/\/si-energy.de\/wp-content\/uploads\/sites\/3\/2024\/04\/SI-Energy-Ladeloesungen-fuer-den-Handel-3-1536x1025.jpeg 1536w, https:\/\/si-energy.de\/wp-content\/uploads\/sites\/3\/2024\/04\/SI-Energy-Ladeloesungen-fuer-den-Handel-3-400x267.jpeg 400w, https:\/\/si-energy.de\/wp-content\/uploads\/sites\/3\/2024\/04\/SI-Energy-Ladeloesungen-fuer-den-Handel-3.jpeg 2000w\" sizes=\"auto, (max-width: 1619px) 100vw, 1619px\" \/>      <\/div>\n      <h4>Kundenzufriedenheit<\/h4>\n      <div href=\"#\" class=\"horizontal-accordion__item-icon\">\n        <svg viewBox=\"0 0 81 86\">\n          <use xlink:href=\"#horizontal-accordion-toggle\"><\/use>\n        <\/svg>\n      <\/div>\n      <div class=\"horizontal-accordion-item__inner-blocks inner-blocks\">\n        \n\n<p>Das Auto direkt w\u00e4hrend des Einkaufs betanken &#8211; das ist bequem und spart Zeit. Ihre Kunden werden es lieben.<\/p>\n\n      <\/div>\n    <\/div>\n<\/div>\n\n\n\n<div id=\"horizontal-accordion-itemblock_29e732b2f9c20e12c60ef0e65206632f\" class=\"block__horizontal-accordion-item -detect-in-viewport\" data-horizontal-accordion-target=\"item\">\n      <div class=\"horizontal-accordion-item__content\" data-action=\"click-&gt;horizontal-accordion#onToggle\" data-horizontal-accordion-id-param=\"horizontal-accordion-itemblock_29e732b2f9c20e12c60ef0e65206632f\">\n      <div class=\"horizontal-accordion-item__background-image\">\n        <img loading=\"lazy\" decoding=\"async\" width=\"1620\" height=\"1080\" src=\"https:\/\/si-energy.de\/wp-content\/uploads\/sites\/3\/2024\/04\/SI-Energy-Ladeloesungen-fuer-den-Handel-4-1620x1080.jpeg\" class=\"attachment-fullscreen_16_9 size-fullscreen_16_9\" alt=\"SI Energy Ladeloesungen fuer den Handel (4)\" srcset=\"https:\/\/si-energy.de\/wp-content\/uploads\/sites\/3\/2024\/04\/SI-Energy-Ladeloesungen-fuer-den-Handel-4-1620x1080.jpeg 1620w, https:\/\/si-energy.de\/wp-content\/uploads\/sites\/3\/2024\/04\/SI-Energy-Ladeloesungen-fuer-den-Handel-4-300x200.jpeg 300w, https:\/\/si-energy.de\/wp-content\/uploads\/sites\/3\/2024\/04\/SI-Energy-Ladeloesungen-fuer-den-Handel-4-768x512.jpeg 768w, https:\/\/si-energy.de\/wp-content\/uploads\/sites\/3\/2024\/04\/SI-Energy-Ladeloesungen-fuer-den-Handel-4-1024x682.jpeg 1024w, https:\/\/si-energy.de\/wp-content\/uploads\/sites\/3\/2024\/04\/SI-Energy-Ladeloesungen-fuer-den-Handel-4-1536x1024.jpeg 1536w, https:\/\/si-energy.de\/wp-content\/uploads\/sites\/3\/2024\/04\/SI-Energy-Ladeloesungen-fuer-den-Handel-4-400x267.jpeg 400w, https:\/\/si-energy.de\/wp-content\/uploads\/sites\/3\/2024\/04\/SI-Energy-Ladeloesungen-fuer-den-Handel-4.jpeg 2000w\" sizes=\"auto, (max-width: 1620px) 100vw, 1620px\" \/>      <\/div>\n      <h4>Differenzierung im Markt<\/h4>\n      <div href=\"#\" class=\"horizontal-accordion__item-icon\">\n        <svg viewBox=\"0 0 81 86\">\n          <use xlink:href=\"#horizontal-accordion-toggle\"><\/use>\n        <\/svg>\n      <\/div>\n      <div class=\"horizontal-accordion-item__inner-blocks inner-blocks\">\n        \n\n<p>Mit den Ladem\u00f6glichkeiten setzen Sie ein Zeichen f\u00fcr Fortschritt und Klimaschutz. Das hebt Sie von der Konkurrenz ab.<\/p>\n\n      <\/div>\n    <\/div>\n<\/div>\n\n\n\n<div id=\"horizontal-accordion-itemblock_c97dce9fc9f6605090fe6c7084fcbe04\" class=\"block__horizontal-accordion-item -detect-in-viewport\" data-horizontal-accordion-target=\"item\">\n      <div class=\"horizontal-accordion-item__content\" data-action=\"click-&gt;horizontal-accordion#onToggle\" data-horizontal-accordion-id-param=\"horizontal-accordion-itemblock_c97dce9fc9f6605090fe6c7084fcbe04\">\n      <div class=\"horizontal-accordion-item__background-image\">\n        <img loading=\"lazy\" decoding=\"async\" width=\"1796\" height=\"1080\" src=\"https:\/\/si-energy.de\/wp-content\/uploads\/sites\/3\/2024\/04\/SI-Energy-Ladeloesungen-fuer-den-Handel-5-1796x1080.jpeg\" class=\"attachment-fullscreen_16_9 size-fullscreen_16_9\" alt=\"SI Energy Ladeloesungen fuer den Handel (5)\" srcset=\"https:\/\/si-energy.de\/wp-content\/uploads\/sites\/3\/2024\/04\/SI-Energy-Ladeloesungen-fuer-den-Handel-5-1796x1080.jpeg 1796w, https:\/\/si-energy.de\/wp-content\/uploads\/sites\/3\/2024\/04\/SI-Energy-Ladeloesungen-fuer-den-Handel-5-300x180.jpeg 300w, https:\/\/si-energy.de\/wp-content\/uploads\/sites\/3\/2024\/04\/SI-Energy-Ladeloesungen-fuer-den-Handel-5-768x462.jpeg 768w, https:\/\/si-energy.de\/wp-content\/uploads\/sites\/3\/2024\/04\/SI-Energy-Ladeloesungen-fuer-den-Handel-5-1024x616.jpeg 1024w, https:\/\/si-energy.de\/wp-content\/uploads\/sites\/3\/2024\/04\/SI-Energy-Ladeloesungen-fuer-den-Handel-5-1536x924.jpeg 1536w, https:\/\/si-energy.de\/wp-content\/uploads\/sites\/3\/2024\/04\/SI-Energy-Ladeloesungen-fuer-den-Handel-5-400x241.jpeg 400w, https:\/\/si-energy.de\/wp-content\/uploads\/sites\/3\/2024\/04\/SI-Energy-Ladeloesungen-fuer-den-Handel-5.jpeg 2000w\" sizes=\"auto, (max-width: 1796px) 100vw, 1796px\" \/>      <\/div>\n      <h4>Umweltbewusstsein zeigen<\/h4>\n      <div href=\"#\" class=\"horizontal-accordion__item-icon\">\n        <svg viewBox=\"0 0 81 86\">\n          <use xlink:href=\"#horizontal-accordion-toggle\"><\/use>\n        <\/svg>\n      <\/div>\n      <div class=\"horizontal-accordion-item__inner-blocks inner-blocks\">\n        \n\n<p>Ihr Unternehmen demonstriert sein Engagement f\u00fcr Nachhaltigkeit und zieht Kunden an, die diese Werte teilen.<\/p>\n\n      <\/div>\n    <\/div>\n<\/div>\n\n  <\/div>\n\n<\/div><\/div>\n\n\n\n<div id=\"kontakt\" class=\"wp-block-group is-layout-constrained wp-block-group-is-layout-constrained\">\n<h2 class=\"wp-block-heading has-text-align-center\">Ihre Anfrage<\/h2>\n\n\n\n<p class=\"has-text-align-center\">Bereit, die Energiewende mit SI Energy als Partner voranzutreiben? Kontaktieren Sie uns noch heute, um mehr \u00fcber unsere Dienstleistungen zu erfahren.<\/p>\n\n\n<div class=\"frm_forms  with_frm_style frm_style_formidable-style\" id=\"frm_form_1_container\" >\n<form enctype=\"multipart\/form-data\" method=\"post\" class=\"frm-show-form  frm_ajax_submit  frm_pro_form \" id=\"form_contact-form\" >\n<div class=\"frm_form_fields \">\n<fieldset>\n<legend class=\"frm_screen_reader\">Kontaktformular SI Energy<\/legend>\r\n\r\n<div class=\"frm_fields_container\">\n<input type=\"hidden\" name=\"frm_action\" value=\"create\" \/>\n<input type=\"hidden\" name=\"form_id\" value=\"1\" \/>\n<input type=\"hidden\" name=\"frm_hide_fields_1\" id=\"frm_hide_fields_1\" value=\"\" \/>\n<input type=\"hidden\" name=\"form_key\" value=\"contact-form\" \/>\n<input type=\"hidden\" name=\"item_meta[0]\" value=\"\" \/>\n<input type=\"hidden\" id=\"frm_submit_entry_1\" name=\"frm_submit_entry_1\" value=\"0cfcb03e4e\" \/><input type=\"hidden\" name=\"_wp_http_referer\" value=\"\/at\/wp-json\/wp\/v2\/pages\/2261\" \/><div id=\"frm_field_6_container\" class=\"frm_form_field form-field  frm_top_container\">\r\n    <label for=\"field_c3v4z\" id=\"field_c3v4z_label\" class=\"frm_primary_label\">Firma\r\n        <span class=\"frm_required\" aria-hidden=\"true\"><\/span>\r\n    <\/label>\r\n    <input  type=\"text\" id=\"field_c3v4z\" name=\"item_meta[6]\" value=\"\"  data-invmsg=\"Text ist ung\u00fcltig\" aria-invalid=\"false\"   \/>\r\n    \r\n    \r\n<\/div>\n<div id=\"frm_field_1_container\" class=\"frm_form_field form-field  frm_required_field frm_top_container frm_first frm_half\">\r\n    <label for=\"field_qh4icy\" id=\"field_qh4icy_label\" class=\"frm_primary_label\">Vorname\r\n        <span class=\"frm_required\" aria-hidden=\"true\">*<\/span>\r\n    <\/label>\r\n    <input  type=\"text\" id=\"field_qh4icy\" name=\"item_meta[1]\" value=\"\"  data-reqmsg=\"Dieses Feld darf nicht leer sein.\" aria-required=\"true\" data-invmsg=\"Name ist ung\u00fcltig\" aria-invalid=\"false\"   \/>\r\n    \r\n    \r\n<\/div>\n<div id=\"frm_field_2_container\" class=\"frm_form_field form-field  frm_required_field frm_top_container frm_half\">\r\n    <label for=\"field_ocfup1\" id=\"field_ocfup1_label\" class=\"frm_primary_label\">Nachname\r\n        <span class=\"frm_required\" aria-hidden=\"true\">*<\/span>\r\n    <\/label>\r\n    <input  type=\"text\" id=\"field_ocfup1\" name=\"item_meta[2]\" value=\"\"  data-reqmsg=\"Dieses Feld darf nicht leer sein.\" aria-required=\"true\" data-invmsg=\"Last ist ung\u00fcltig\" aria-invalid=\"false\"   \/>\r\n    \r\n    \r\n<\/div>\n<div id=\"frm_field_3_container\" class=\"frm_form_field form-field  frm_required_field frm_top_container frm_full\">\r\n    <label for=\"field_29yf4d\" id=\"field_29yf4d_label\" class=\"frm_primary_label\">E-Mail\r\n        <span class=\"frm_required\" aria-hidden=\"true\">*<\/span>\r\n    <\/label>\r\n    <input type=\"email\" id=\"field_29yf4d\" name=\"item_meta[3]\" value=\"\"  data-reqmsg=\"Dieses Feld darf nicht leer sein.\" aria-required=\"true\" data-invmsg=\"Please enter a valid email address\" aria-invalid=\"false\"  \/>\r\n    \r\n    \r\n<\/div>\n<div id=\"frm_field_4_container\" class=\"frm_form_field form-field  frm_top_container\">\r\n    <label for=\"field_e6lis6\" id=\"field_e6lis6_label\" class=\"frm_primary_label\">Telefon\r\n        <span class=\"frm_required\" aria-hidden=\"true\"><\/span>\r\n    <\/label>\r\n    <input  type=\"text\" id=\"field_e6lis6\" name=\"item_meta[4]\" value=\"\"  data-invmsg=\"Subject ist ung\u00fcltig\" aria-invalid=\"false\"   \/>\r\n    \r\n    \r\n<\/div>\n<div id=\"frm_field_5_container\" class=\"frm_form_field form-field  frm_required_field frm_top_container frm_full\">\r\n    <label for=\"field_9jv0r1\" id=\"field_9jv0r1_label\" class=\"frm_primary_label\">Nachricht\r\n        <span class=\"frm_required\" aria-hidden=\"true\">*<\/span>\r\n    <\/label>\r\n    <textarea name=\"item_meta[5]\" id=\"field_9jv0r1\" rows=\"5\"  data-reqmsg=\"Dieses Feld darf nicht leer sein.\" aria-required=\"true\" data-invmsg=\"Message ist ung\u00fcltig\" aria-invalid=\"false\"  ><\/textarea>\r\n    \r\n    \r\n<\/div>\n<div id=\"frm_field_37_container\" class=\"frm_form_field form-field \">\r\n\t<div class=\"frm_submit frm_flex\">\r\n<button class=\"frm_button_submit frm_final_submit\" type=\"submit\"  formnovalidate=\"formnovalidate\">Senden<\/button>\r\n\r\n\r\n\r\n<\/div>\r\n<\/div>\n\t<input type=\"hidden\" name=\"item_key\" value=\"\" \/>\n\t\t\t<div id=\"frm_field_77_container\">\n\t\t\t<label for=\"field_hmf4d\" >\n\t\t\t\tIf you are human, leave this field blank.\t\t\t<\/label>\n\t\t\t<input  id=\"field_hmf4d\" type=\"text\" class=\"frm_form_field form-field frm_verify\" name=\"item_meta[77]\" value=\"\"  \/>\n\t\t<\/div>\n\t\t<input name=\"frm_state\" type=\"hidden\" value=\"nmK3UXHHemDTlHx7aF8\/MntvDb6Ec54ogrVqtwMdwLMeHzqA0B8Gzifh17sfYPZQ\" \/><\/div>\n<\/fieldset>\n<\/div>\n\n<\/form>\n<\/div>\n<\/div>\n","protected":false},"excerpt":{"rendered":"<p>Ihre Vorteile Warum sind Ladel\u00f6sungen f\u00fcr den Handel spannend? Ihre Anfrage Bereit, die Energiewende mit SI Energy als Partner voranzutreiben? Kontaktieren Sie uns noch heute, um mehr \u00fcber unsere Dienstleistungen zu erfahren.<\/p>\n","protected":false},"author":1,"featured_media":0,"parent":0,"menu_order":0,"comment_status":"closed","ping_status":"closed","template":"","meta":{"footnotes":""},"class_list":["post-2261","page","type-page","status-publish","hentry"],"aioseo_notices":[],"acf":[],"_links":{"self":[{"href":"https:\/\/si-energy.de\/at\/wp-json\/wp\/v2\/pages\/2261","targetHints":{"allow":["GET"]}}],"collection":[{"href":"https:\/\/si-energy.de\/at\/wp-json\/wp\/v2\/pages"}],"about":[{"href":"https:\/\/si-energy.de\/at\/wp-json\/wp\/v2\/types\/page"}],"author":[{"embeddable":true,"href":"https:\/\/si-energy.de\/at\/wp-json\/wp\/v2\/users\/1"}],"replies":[{"embeddable":true,"href":"https:\/\/si-energy.de\/at\/wp-json\/wp\/v2\/comments?post=2261"}],"version-history":[{"count":0,"href":"https:\/\/si-energy.de\/at\/wp-json\/wp\/v2\/pages\/2261\/revisions"}],"wp:attachment":[{"href":"https:\/\/si-energy.de\/at\/wp-json\/wp\/v2\/media?parent=2261"}],"curies":[{"name":"wp","href":"https:\/\/api.w.org\/{rel}","templated":true}]}}