{"id":2263,"date":"2024-03-19T14:43:46","date_gmt":"2024-03-19T13:43:46","guid":{"rendered":"https:\/\/si-energy.de\/?page_id=2263"},"modified":"2024-08-26T11:46:53","modified_gmt":"2024-08-26T09:46:53","slug":"ladeloesungen-fuer-die-immobilienwirtschaft","status":"publish","type":"page","link":"https:\/\/si-energy.de\/at\/ladeloesungen-fuer-die-immobilienwirtschaft\/","title":{"rendered":"Ladel\u00f6sungen f\u00fcr die Immobilienwirtschaft"},"content":{"rendered":"<div id=\"keyvisualblock_e9568d9956967e690a2c7ad0c14f99a0\" class=\"has-background block__keyvisual--type-overlapping-banner block__keyvisual alignfull -detect-in-viewport\" data-controller=\"keyvisual\" >\n            <div class=\"keyvisual__background\">\n                            <img loading=\"lazy\" decoding=\"async\" width=\"1920\" height=\"835\" src=\"https:\/\/si-energy.de\/wp-content\/uploads\/sites\/3\/2024\/04\/SI-Energy-Immobilienwirtschaft-1920x835.jpeg\" class=\"attachment-fullscreen_16_9 size-fullscreen_16_9\" alt=\"SI Energy Immobilienwirtschaft\" srcset=\"https:\/\/si-energy.de\/wp-content\/uploads\/sites\/3\/2024\/04\/SI-Energy-Immobilienwirtschaft-1920x835.jpeg 1920w, https:\/\/si-energy.de\/wp-content\/uploads\/sites\/3\/2024\/04\/SI-Energy-Immobilienwirtschaft-300x131.jpeg 300w, https:\/\/si-energy.de\/wp-content\/uploads\/sites\/3\/2024\/04\/SI-Energy-Immobilienwirtschaft-768x334.jpeg 768w, https:\/\/si-energy.de\/wp-content\/uploads\/sites\/3\/2024\/04\/SI-Energy-Immobilienwirtschaft-1024x445.jpeg 1024w, https:\/\/si-energy.de\/wp-content\/uploads\/sites\/3\/2024\/04\/SI-Energy-Immobilienwirtschaft-1536x668.jpeg 1536w, https:\/\/si-energy.de\/wp-content\/uploads\/sites\/3\/2024\/04\/SI-Energy-Immobilienwirtschaft-400x174.jpeg 400w, https:\/\/si-energy.de\/wp-content\/uploads\/sites\/3\/2024\/04\/SI-Energy-Immobilienwirtschaft.jpeg 2000w\" sizes=\"auto, (max-width: 1920px) 100vw, 1920px\" \/>                    <\/div>\n            \n\n    <div class=\"keyvisual__wrapper\">\n        <div class=\"container inner-blocks\">\n                        \n\n<div class=\"wp-block-group is-vertical is-content-justification-center is-nowrap is-layout-flex wp-container-core-group-is-layout-6e392426 wp-block-group-is-layout-flex\">\n<h1 class=\"wp-block-heading has-white-color has-text-color has-link-color wp-elements-c6c01215e3f388c93e63c9726d839a3c\">Zukunftssicher investieren<\/h1>\n\n\n\n<p class=\"has-white-color has-text-color has-link-color has-large-font-size wp-elements-c40841984849e8a1a9c834928fe1ef31\">Ladel\u00f6sungen f\u00fcr die Immobilienwirtschaft<\/p>\n<\/div>\n\n        <\/div>\n\n    <\/div>\n\n    \n\n<\/div>\n\n\n<div class=\"wp-block-group alignwide is-layout-flow wp-block-group-is-layout-flow\"><div class=\"wp-bootstrap-blocks-row row gx-5 justify-content-center align-items-center\">\n\t\n\n<div class=\"col-12 col-md-6 vertical-center\">\n\t\t\t\n\n<h2 class=\"wp-block-heading\">E-Ladestationen: Das neue Must-Have<\/h2>\n\n\n\n<p>Die Elektrifizierung von Fahrzeugflotten ver\u00e4ndert die Anforderungen an Wohn- und Gewerbeimmobilien. Bleiben Sie am Puls der Zeit: Mit effizienten Ladel\u00f6sungen steigern Sie den Wert Ihrer Immobilien und positionieren sich als Vorreiter in Sachen Nachhaltigkeit und Innovationskraft. Schaffen Sie einen unmittelbaren Mehrwert f\u00fcr Eigent\u00fcmer und Mieter &#8211; und st\u00e4rken Sie Ihr Image als klima- und umweltbewusstes Unternehmen. Wir begleiten Sie gerne von der Planung bis zur Realisierung und dar\u00fcber hinaus. <\/p>\n\n\n\n<div id=\"buttonblock_f50f5e5be7948f02c15d29f9a506020f\" class=\"btn--align-left block__button -detect-in-viewport\">\n\n  <div class=\"button__link \">\n          <a href=\"#kontakt\" target=\"\" class=\"btn btn--primary   \">\n        Unverbindlich anfragen        <svg viewBox=\"0 0 24 24\">\n          <use xlink:href=\"#button-arrow\"><\/use>\n        <\/svg>\n      <\/a>\n      <\/div>\n\n\n\n<\/div>\n\t<\/div>\n\n\n\n<div class=\"col-12 col-md-6 vertical-center\">\n\t\t\t\n\n<div id=\"image-with-chipblock_cdd3128bdf63d0307cadb85238dbada1\" class=\"block__image-with-chip -detect-in-viewport\">\n  <div class=\"image-with-chip__wrapper\">\n    <div class=\"image-with-chip__image\">\n      <img loading=\"lazy\" decoding=\"async\" width=\"1080\" height=\"1080\" src=\"https:\/\/si-energy.de\/wp-content\/uploads\/sites\/3\/2024\/03\/SI-Energy-Keyvisual-2-1.webp\" class=\"attachment-fullscreen_16_9 size-fullscreen_16_9\" alt=\"\" srcset=\"https:\/\/si-energy.de\/wp-content\/uploads\/sites\/3\/2024\/03\/SI-Energy-Keyvisual-2-1.webp 1080w, https:\/\/si-energy.de\/wp-content\/uploads\/sites\/3\/2024\/03\/SI-Energy-Keyvisual-2-1-300x300.webp 300w, https:\/\/si-energy.de\/wp-content\/uploads\/sites\/3\/2024\/03\/SI-Energy-Keyvisual-2-1-1024x1024.webp 1024w, https:\/\/si-energy.de\/wp-content\/uploads\/sites\/3\/2024\/03\/SI-Energy-Keyvisual-2-1-150x150.webp 150w, https:\/\/si-energy.de\/wp-content\/uploads\/sites\/3\/2024\/03\/SI-Energy-Keyvisual-2-1-768x768.webp 768w, https:\/\/si-energy.de\/wp-content\/uploads\/sites\/3\/2024\/03\/SI-Energy-Keyvisual-2-1-400x400.webp 400w, https:\/\/si-energy.de\/wp-content\/uploads\/sites\/3\/2024\/03\/SI-Energy-Keyvisual-2-1-738x738.webp 738w\" sizes=\"auto, (max-width: 1080px) 100vw, 1080px\" \/>      <div class=\"image-with-chip__chip image-with-chip__chip--right      animate__animated animate__siRotateIn-right animate__delay-default\">\n        <svg width=\"326\" height=\"326\" viewBox=\"0 0 326 326\" fill=\"none\" xmlns=\"http:\/\/www.w3.org\/2000\/svg\">\n          <use xlink:href=\" #image-chip\">\n        <\/svg>\n      <\/div>\n    <\/div>\n  <\/div>\n<\/div>\n\t<\/div>\n\n<\/div>\n<\/div>\n\n\n\n<div class=\"wp-block-group alignwide has-primary-background-color has-background is-layout-constrained wp-block-group-is-layout-constrained\">\n<h2 class=\"wp-block-heading has-text-align-center\">Ihre Vorteile<\/h2>\n\n\n<div class=\"wp-bootstrap-blocks-row row\">\n\t\n\n<div class=\"col-12 col-md-6\">\n\t\t\t\n\n<div id=\"short-factblock_6b12548b7f173ee0ed87dfb96382ff62\" class=\"block__short-fact__orientation--horizontal block__short-fact alignfull -detect-in-viewport\">\n  <div class=\"\">\n    <div class=\"short-fact__icon\">\n      <img loading=\"lazy\" decoding=\"async\" width=\"48\" height=\"48\" src=\"https:\/\/si-energy.de\/wp-content\/uploads\/sites\/3\/2024\/01\/Check_ring_white.svg\" class=\"attachment-fullscreen_16_9 size-fullscreen_16_9\" alt=\"Check_ring_white\" \/>    <\/div>\n    <div class=\"short-fact__inner-content\">\n            <p class=\"short-fact__paragraph\">\n        Sichere Beschaffung aller Bauelemente      <\/p>\n    <\/div>\n  <\/div>\n\n<\/div>\n\t<\/div>\n\n\n\n<div class=\"col-12 col-md-6\">\n\t\t\t\n\n<div id=\"short-factblock_df258575e9cba9917f493185c8f08a15\" class=\"block__short-fact__orientation--horizontal block__short-fact alignfull -detect-in-viewport\">\n  <div class=\"\">\n    <div class=\"short-fact__icon\">\n      <img loading=\"lazy\" decoding=\"async\" width=\"48\" height=\"48\" src=\"https:\/\/si-energy.de\/wp-content\/uploads\/sites\/3\/2024\/01\/Check_ring_white.svg\" class=\"attachment-fullscreen_16_9 size-fullscreen_16_9\" alt=\"Check_ring_white\" \/>    <\/div>\n    <div class=\"short-fact__inner-content\">\n            <p class=\"short-fact__paragraph\">\n        Abrechnung und Service 24\/7      <\/p>\n    <\/div>\n  <\/div>\n\n<\/div>\n\t<\/div>\n\n\n\n<div class=\"col-12 col-md-6\">\n\t\t\t\n\n<div id=\"short-factblock_10906c252f6b1502a0d3e8d96741222c\" class=\"block__short-fact__orientation--horizontal block__short-fact alignfull -detect-in-viewport\">\n  <div class=\"\">\n    <div class=\"short-fact__icon\">\n      <img loading=\"lazy\" decoding=\"async\" width=\"48\" height=\"48\" src=\"https:\/\/si-energy.de\/wp-content\/uploads\/sites\/3\/2024\/01\/Check_ring_white.svg\" class=\"attachment-fullscreen_16_9 size-fullscreen_16_9\" alt=\"Check_ring_white\" \/>    <\/div>\n    <div class=\"short-fact__inner-content\">\n            <p class=\"short-fact__paragraph\">\n        Bau und Betrieb aus einer Hand      <\/p>\n    <\/div>\n  <\/div>\n\n<\/div>\n\t<\/div>\n\n\n\n<div class=\"col-12 col-md-6\">\n\t\t\t\n\n<div id=\"short-factblock_8bbcbcaa910fed8469b0c1e87de0fb35\" class=\"block__short-fact__orientation--horizontal block__short-fact alignfull -detect-in-viewport\">\n  <div class=\"\">\n    <div class=\"short-fact__icon\">\n      <img loading=\"lazy\" decoding=\"async\" width=\"48\" height=\"48\" src=\"https:\/\/si-energy.de\/wp-content\/uploads\/sites\/3\/2024\/01\/Check_ring_white.svg\" class=\"attachment-fullscreen_16_9 size-fullscreen_16_9\" alt=\"Check_ring_white\" \/>    <\/div>\n    <div class=\"short-fact__inner-content\">\n            <p class=\"short-fact__paragraph\">\n        Transparente Abrechnung und Verg\u00fctung      <\/p>\n    <\/div>\n  <\/div>\n\n<\/div>\n\t<\/div>\n\n\n\n<div class=\"col-12 col-md-6\">\n\t\t\t\n\n<div id=\"short-factblock_5e2664ae23fd430514127d8d5758a87d\" class=\"block__short-fact__orientation--horizontal block__short-fact alignfull -detect-in-viewport\">\n  <div class=\"\">\n    <div class=\"short-fact__icon\">\n      <img loading=\"lazy\" decoding=\"async\" width=\"48\" height=\"48\" src=\"https:\/\/si-energy.de\/wp-content\/uploads\/sites\/3\/2024\/01\/Check_ring_white.svg\" class=\"attachment-fullscreen_16_9 size-fullscreen_16_9\" alt=\"Check_ring_white\" \/>    <\/div>\n    <div class=\"short-fact__inner-content\">\n            <p class=\"short-fact__paragraph\">\n        Skalierbare Ladeinfrastruktur      <\/p>\n    <\/div>\n  <\/div>\n\n<\/div>\n\t<\/div>\n\n\n\n<div class=\"col-12 col-md-6\">\n\t\t\t\n\n<div id=\"short-factblock_0d8ddafffa8069546b553cdf6130846c\" class=\"block__short-fact__orientation--horizontal block__short-fact alignfull -detect-in-viewport\">\n  <div class=\"\">\n    <div class=\"short-fact__icon\">\n      <img loading=\"lazy\" decoding=\"async\" width=\"48\" height=\"48\" src=\"https:\/\/si-energy.de\/wp-content\/uploads\/sites\/3\/2024\/01\/Check_ring_white.svg\" class=\"attachment-fullscreen_16_9 size-fullscreen_16_9\" alt=\"Check_ring_white\" \/>    <\/div>\n    <div class=\"short-fact__inner-content\">\n            <p class=\"short-fact__paragraph\">\n        Einsicht \u00fcber alle Ladevorg\u00e4nge \u00fcber unser Portal      <\/p>\n    <\/div>\n  <\/div>\n\n<\/div>\n\t<\/div>\n\n<\/div>\n<\/div>\n\n\n\n<div class=\"wp-block-group alignfull is-layout-flow wp-block-group-is-layout-flow\" id=\"leistungen\">\n<h2 class=\"wp-block-heading has-text-align-center\">Gute Gr\u00fcnde f\u00fcr Ladeinfrastruktur in der Immobilienwirtschaft<\/h2>\n\n\n\n<div id=\"horizontal-accordionblock_cd0da87fbe7730b5869810e4727eb0fc\" class=\"block__horizontal-accordion -detect-in-viewport\" data-controller=\"horizontal-accordion\">\n\n  <div class=\"horizontal-accordion__inner-blocks inner-blocks\">\n    \n\n<div id=\"horizontal-accordion-itemblock_6f9d892576658484113487181a82b28c\" class=\"block__horizontal-accordion-item -detect-in-viewport\" data-horizontal-accordion-target=\"item\">\n      <div class=\"horizontal-accordion-item__content\" data-action=\"click-&gt;horizontal-accordion#onToggle\" data-horizontal-accordion-id-param=\"horizontal-accordion-itemblock_6f9d892576658484113487181a82b28c\">\n      <div class=\"horizontal-accordion-item__background-image\">\n        <img loading=\"lazy\" decoding=\"async\" width=\"1920\" height=\"1076\" src=\"https:\/\/si-energy.de\/wp-content\/uploads\/sites\/3\/2024\/04\/SI-Energy-Immobilienwirtschaft-2-1920x1076.jpeg\" class=\"attachment-fullscreen_16_9 size-fullscreen_16_9\" alt=\"SI Energy Immobilienwirtschaft\" srcset=\"https:\/\/si-energy.de\/wp-content\/uploads\/sites\/3\/2024\/04\/SI-Energy-Immobilienwirtschaft-2-1920x1076.jpeg 1920w, https:\/\/si-energy.de\/wp-content\/uploads\/sites\/3\/2024\/04\/SI-Energy-Immobilienwirtschaft-2-300x168.jpeg 300w, https:\/\/si-energy.de\/wp-content\/uploads\/sites\/3\/2024\/04\/SI-Energy-Immobilienwirtschaft-2-768x430.jpeg 768w, https:\/\/si-energy.de\/wp-content\/uploads\/sites\/3\/2024\/04\/SI-Energy-Immobilienwirtschaft-2-1024x574.jpeg 1024w, https:\/\/si-energy.de\/wp-content\/uploads\/sites\/3\/2024\/04\/SI-Energy-Immobilienwirtschaft-2-1536x861.jpeg 1536w, https:\/\/si-energy.de\/wp-content\/uploads\/sites\/3\/2024\/04\/SI-Energy-Immobilienwirtschaft-2-400x224.jpeg 400w, https:\/\/si-energy.de\/wp-content\/uploads\/sites\/3\/2024\/04\/SI-Energy-Immobilienwirtschaft-2.jpeg 2000w\" sizes=\"auto, (max-width: 1920px) 100vw, 1920px\" \/>      <\/div>\n      <h4>Zukunftssicheres Immobilienangebot<\/h4>\n      <div href=\"#\" class=\"horizontal-accordion__item-icon\">\n        <svg viewBox=\"0 0 81 86\">\n          <use xlink:href=\"#horizontal-accordion-toggle\"><\/use>\n        <\/svg>\n      <\/div>\n      <div class=\"horizontal-accordion-item__inner-blocks inner-blocks\">\n        \n\n<p>Steigern Sie den Wert Ihrer Immobilien: Moderne Ladem\u00f6glichkeiten sind ein klares Verkaufsargument.<\/p>\n\n      <\/div>\n    <\/div>\n<\/div>\n\n\n\n<div id=\"horizontal-accordion-itemblock_8619ed773f41a86337dce2dbd99d4e16\" class=\"block__horizontal-accordion-item -detect-in-viewport\" data-horizontal-accordion-target=\"item\">\n      <div class=\"horizontal-accordion-item__content\" data-action=\"click-&gt;horizontal-accordion#onToggle\" data-horizontal-accordion-id-param=\"horizontal-accordion-itemblock_8619ed773f41a86337dce2dbd99d4e16\">\n      <div class=\"horizontal-accordion-item__background-image\">\n        <img loading=\"lazy\" decoding=\"async\" width=\"1623\" height=\"1080\" src=\"https:\/\/si-energy.de\/wp-content\/uploads\/sites\/3\/2024\/04\/SI-Energy-Immobilienwirtschaft-3-1623x1080.jpeg\" class=\"attachment-fullscreen_16_9 size-fullscreen_16_9\" alt=\"SI Energy Immobilienwirtschaft\" srcset=\"https:\/\/si-energy.de\/wp-content\/uploads\/sites\/3\/2024\/04\/SI-Energy-Immobilienwirtschaft-3-1623x1080.jpeg 1623w, https:\/\/si-energy.de\/wp-content\/uploads\/sites\/3\/2024\/04\/SI-Energy-Immobilienwirtschaft-3-300x200.jpeg 300w, https:\/\/si-energy.de\/wp-content\/uploads\/sites\/3\/2024\/04\/SI-Energy-Immobilienwirtschaft-3-768x511.jpeg 768w, https:\/\/si-energy.de\/wp-content\/uploads\/sites\/3\/2024\/04\/SI-Energy-Immobilienwirtschaft-3-1024x681.jpeg 1024w, https:\/\/si-energy.de\/wp-content\/uploads\/sites\/3\/2024\/04\/SI-Energy-Immobilienwirtschaft-3-1536x1022.jpeg 1536w, https:\/\/si-energy.de\/wp-content\/uploads\/sites\/3\/2024\/04\/SI-Energy-Immobilienwirtschaft-3-400x266.jpeg 400w, https:\/\/si-energy.de\/wp-content\/uploads\/sites\/3\/2024\/04\/SI-Energy-Immobilienwirtschaft-3.jpeg 2000w\" sizes=\"auto, (max-width: 1623px) 100vw, 1623px\" \/>      <\/div>\n      <h4>Attraktives Wohnen<\/h4>\n      <div href=\"#\" class=\"horizontal-accordion__item-icon\">\n        <svg viewBox=\"0 0 81 86\">\n          <use xlink:href=\"#horizontal-accordion-toggle\"><\/use>\n        <\/svg>\n      <\/div>\n      <div class=\"horizontal-accordion-item__inner-blocks inner-blocks\">\n        \n\n<p>Bieten Sie den Bewohnern ein Plus an Komfort, indem Sie ihnen einfache Ladeoptionen zur Verf\u00fcgung stellen.<\/p>\n\n      <\/div>\n    <\/div>\n<\/div>\n\n\n\n<div id=\"horizontal-accordion-itemblock_c3307a4b260eaca825f6e065499dedaa\" class=\"block__horizontal-accordion-item -detect-in-viewport\" data-horizontal-accordion-target=\"item\">\n      <div class=\"horizontal-accordion-item__content\" data-action=\"click-&gt;horizontal-accordion#onToggle\" data-horizontal-accordion-id-param=\"horizontal-accordion-itemblock_c3307a4b260eaca825f6e065499dedaa\">\n      <div class=\"horizontal-accordion-item__background-image\">\n        <img loading=\"lazy\" decoding=\"async\" width=\"1772\" height=\"1080\" src=\"https:\/\/si-energy.de\/wp-content\/uploads\/sites\/3\/2024\/04\/SI-Energy-Immobilienwirtschaft-4-1772x1080.jpeg\" class=\"attachment-fullscreen_16_9 size-fullscreen_16_9\" alt=\"SI Energy Immobilienwirtschaft\" srcset=\"https:\/\/si-energy.de\/wp-content\/uploads\/sites\/3\/2024\/04\/SI-Energy-Immobilienwirtschaft-4-1772x1080.jpeg 1772w, https:\/\/si-energy.de\/wp-content\/uploads\/sites\/3\/2024\/04\/SI-Energy-Immobilienwirtschaft-4-300x183.jpeg 300w, https:\/\/si-energy.de\/wp-content\/uploads\/sites\/3\/2024\/04\/SI-Energy-Immobilienwirtschaft-4-768x468.jpeg 768w, https:\/\/si-energy.de\/wp-content\/uploads\/sites\/3\/2024\/04\/SI-Energy-Immobilienwirtschaft-4-1024x624.jpeg 1024w, https:\/\/si-energy.de\/wp-content\/uploads\/sites\/3\/2024\/04\/SI-Energy-Immobilienwirtschaft-4-1536x936.jpeg 1536w, https:\/\/si-energy.de\/wp-content\/uploads\/sites\/3\/2024\/04\/SI-Energy-Immobilienwirtschaft-4-400x244.jpeg 400w, https:\/\/si-energy.de\/wp-content\/uploads\/sites\/3\/2024\/04\/SI-Energy-Immobilienwirtschaft-4.jpeg 2000w\" sizes=\"auto, (max-width: 1772px) 100vw, 1772px\" \/>      <\/div>\n      <h4>Mieterzufriedenheit und -bindung<\/h4>\n      <div href=\"#\" class=\"horizontal-accordion__item-icon\">\n        <svg viewBox=\"0 0 81 86\">\n          <use xlink:href=\"#horizontal-accordion-toggle\"><\/use>\n        <\/svg>\n      <\/div>\n      <div class=\"horizontal-accordion-item__inner-blocks inner-blocks\">\n        \n\n<p>Machen Sie Ihre Mieter durch praktische Ladem\u00f6glichkeiten gl\u00fccklich &#8211; und st\u00e4rken Sie so deren Bindung an Ihre Immobilie.<\/p>\n\n      <\/div>\n    <\/div>\n<\/div>\n\n\n\n<div id=\"horizontal-accordion-itemblock_493f362a6f9ae7cde8ddc693e5520c00\" class=\"block__horizontal-accordion-item -detect-in-viewport\" data-horizontal-accordion-target=\"item\">\n      <div class=\"horizontal-accordion-item__content\" data-action=\"click-&gt;horizontal-accordion#onToggle\" data-horizontal-accordion-id-param=\"horizontal-accordion-itemblock_493f362a6f9ae7cde8ddc693e5520c00\">\n      <div class=\"horizontal-accordion-item__background-image\">\n        <img loading=\"lazy\" decoding=\"async\" width=\"1620\" height=\"1080\" src=\"https:\/\/si-energy.de\/wp-content\/uploads\/sites\/3\/2024\/04\/SI-Energy-Immobilienwirtschaft-5-1620x1080.jpeg\" class=\"attachment-fullscreen_16_9 size-fullscreen_16_9\" alt=\"SI Energy Immobilienwirtschaft\" srcset=\"https:\/\/si-energy.de\/wp-content\/uploads\/sites\/3\/2024\/04\/SI-Energy-Immobilienwirtschaft-5-1620x1080.jpeg 1620w, https:\/\/si-energy.de\/wp-content\/uploads\/sites\/3\/2024\/04\/SI-Energy-Immobilienwirtschaft-5-300x200.jpeg 300w, https:\/\/si-energy.de\/wp-content\/uploads\/sites\/3\/2024\/04\/SI-Energy-Immobilienwirtschaft-5-768x512.jpeg 768w, https:\/\/si-energy.de\/wp-content\/uploads\/sites\/3\/2024\/04\/SI-Energy-Immobilienwirtschaft-5-1024x682.jpeg 1024w, https:\/\/si-energy.de\/wp-content\/uploads\/sites\/3\/2024\/04\/SI-Energy-Immobilienwirtschaft-5-1536x1024.jpeg 1536w, https:\/\/si-energy.de\/wp-content\/uploads\/sites\/3\/2024\/04\/SI-Energy-Immobilienwirtschaft-5-400x267.jpeg 400w, https:\/\/si-energy.de\/wp-content\/uploads\/sites\/3\/2024\/04\/SI-Energy-Immobilienwirtschaft-5.jpeg 2000w\" sizes=\"auto, (max-width: 1620px) 100vw, 1620px\" \/>      <\/div>\n      <h4>Gr\u00fcnes Wohnen<\/h4>\n      <div href=\"#\" class=\"horizontal-accordion__item-icon\">\n        <svg viewBox=\"0 0 81 86\">\n          <use xlink:href=\"#horizontal-accordion-toggle\"><\/use>\n        <\/svg>\n      <\/div>\n      <div class=\"horizontal-accordion-item__inner-blocks inner-blocks\">\n        \n\n<p>Zeigen Sie, dass Ihnen als Immobilienanbieter nachhaltiges Wohnen am Herzen liegt. Das hat eine enorme Au\u00dfenwirkung.<\/p>\n\n      <\/div>\n    <\/div>\n<\/div>\n\n  <\/div>\n\n<\/div><\/div>\n\n\n\n<div id=\"kontakt\" class=\"wp-block-group is-layout-constrained wp-block-group-is-layout-constrained\">\n<h2 class=\"wp-block-heading has-text-align-center\">Ihre Anfrage<\/h2>\n\n\n\n<p class=\"has-text-align-center\">Bereit, die Energiewende mit SI Energy als Partner voranzutreiben? Kontaktieren Sie uns noch heute, um mehr \u00fcber unsere Dienstleistungen zu erfahren.<\/p>\n\n\n<div class=\"frm_forms  with_frm_style frm_style_formidable-style\" id=\"frm_form_1_container\" >\n<form enctype=\"multipart\/form-data\" method=\"post\" class=\"frm-show-form  frm_ajax_submit  frm_pro_form \" id=\"form_contact-form\" >\n<div class=\"frm_form_fields \">\n<fieldset>\n<legend class=\"frm_screen_reader\">Kontaktformular SI Energy<\/legend>\r\n\r\n<div class=\"frm_fields_container\">\n<input type=\"hidden\" name=\"frm_action\" value=\"create\" \/>\n<input type=\"hidden\" name=\"form_id\" value=\"1\" \/>\n<input type=\"hidden\" name=\"frm_hide_fields_1\" id=\"frm_hide_fields_1\" value=\"\" \/>\n<input type=\"hidden\" name=\"form_key\" value=\"contact-form\" \/>\n<input type=\"hidden\" name=\"item_meta[0]\" value=\"\" \/>\n<input type=\"hidden\" id=\"frm_submit_entry_1\" name=\"frm_submit_entry_1\" value=\"d39e24798c\" \/><input type=\"hidden\" name=\"_wp_http_referer\" value=\"\/at\/wp-json\/wp\/v2\/pages\/2263\" \/><div id=\"frm_field_6_container\" class=\"frm_form_field form-field  frm_top_container\">\r\n    <label for=\"field_c3v4z\" id=\"field_c3v4z_label\" class=\"frm_primary_label\">Firma\r\n        <span class=\"frm_required\" aria-hidden=\"true\"><\/span>\r\n    <\/label>\r\n    <input  type=\"text\" id=\"field_c3v4z\" name=\"item_meta[6]\" value=\"\"  data-invmsg=\"Text ist ung\u00fcltig\" aria-invalid=\"false\"   \/>\r\n    \r\n    \r\n<\/div>\n<div id=\"frm_field_1_container\" class=\"frm_form_field form-field  frm_required_field frm_top_container frm_first frm_half\">\r\n    <label for=\"field_qh4icy\" id=\"field_qh4icy_label\" class=\"frm_primary_label\">Vorname\r\n        <span class=\"frm_required\" aria-hidden=\"true\">*<\/span>\r\n    <\/label>\r\n    <input  type=\"text\" id=\"field_qh4icy\" name=\"item_meta[1]\" value=\"\"  data-reqmsg=\"Dieses Feld darf nicht leer sein.\" aria-required=\"true\" data-invmsg=\"Name ist ung\u00fcltig\" aria-invalid=\"false\"   \/>\r\n    \r\n    \r\n<\/div>\n<div id=\"frm_field_2_container\" class=\"frm_form_field form-field  frm_required_field frm_top_container frm_half\">\r\n    <label for=\"field_ocfup1\" id=\"field_ocfup1_label\" class=\"frm_primary_label\">Nachname\r\n        <span class=\"frm_required\" aria-hidden=\"true\">*<\/span>\r\n    <\/label>\r\n    <input  type=\"text\" id=\"field_ocfup1\" name=\"item_meta[2]\" value=\"\"  data-reqmsg=\"Dieses Feld darf nicht leer sein.\" aria-required=\"true\" data-invmsg=\"Last ist ung\u00fcltig\" aria-invalid=\"false\"   \/>\r\n    \r\n    \r\n<\/div>\n<div id=\"frm_field_3_container\" class=\"frm_form_field form-field  frm_required_field frm_top_container frm_full\">\r\n    <label for=\"field_29yf4d\" id=\"field_29yf4d_label\" class=\"frm_primary_label\">E-Mail\r\n        <span class=\"frm_required\" aria-hidden=\"true\">*<\/span>\r\n    <\/label>\r\n    <input type=\"email\" id=\"field_29yf4d\" name=\"item_meta[3]\" value=\"\"  data-reqmsg=\"Dieses Feld darf nicht leer sein.\" aria-required=\"true\" data-invmsg=\"Please enter a valid email address\" aria-invalid=\"false\"  \/>\r\n    \r\n    \r\n<\/div>\n<div id=\"frm_field_4_container\" class=\"frm_form_field form-field  frm_top_container\">\r\n    <label for=\"field_e6lis6\" id=\"field_e6lis6_label\" class=\"frm_primary_label\">Telefon\r\n        <span class=\"frm_required\" aria-hidden=\"true\"><\/span>\r\n    <\/label>\r\n    <input  type=\"text\" id=\"field_e6lis6\" name=\"item_meta[4]\" value=\"\"  data-invmsg=\"Subject ist ung\u00fcltig\" aria-invalid=\"false\"   \/>\r\n    \r\n    \r\n<\/div>\n<div id=\"frm_field_5_container\" class=\"frm_form_field form-field  frm_required_field frm_top_container frm_full\">\r\n    <label for=\"field_9jv0r1\" id=\"field_9jv0r1_label\" class=\"frm_primary_label\">Nachricht\r\n        <span class=\"frm_required\" aria-hidden=\"true\">*<\/span>\r\n    <\/label>\r\n    <textarea name=\"item_meta[5]\" id=\"field_9jv0r1\" rows=\"5\"  data-reqmsg=\"Dieses Feld darf nicht leer sein.\" aria-required=\"true\" data-invmsg=\"Message ist ung\u00fcltig\" aria-invalid=\"false\"  ><\/textarea>\r\n    \r\n    \r\n<\/div>\n<div id=\"frm_field_37_container\" class=\"frm_form_field form-field \">\r\n\t<div class=\"frm_submit frm_flex\">\r\n<button class=\"frm_button_submit frm_final_submit\" type=\"submit\"  formnovalidate=\"formnovalidate\">Senden<\/button>\r\n\r\n\r\n\r\n<\/div>\r\n<\/div>\n\t<input type=\"hidden\" name=\"item_key\" value=\"\" \/>\n\t\t\t<div id=\"frm_field_77_container\">\n\t\t\t<label for=\"field_m8xkh\" >\n\t\t\t\tIf you are human, leave this field blank.\t\t\t<\/label>\n\t\t\t<input  id=\"field_m8xkh\" type=\"text\" class=\"frm_form_field form-field frm_verify\" name=\"item_meta[77]\" value=\"\"  \/>\n\t\t<\/div>\n\t\t<input name=\"frm_state\" type=\"hidden\" value=\"nmK3UXHHemDTlHx7aF8\/MvHLl2S+t6wvatRrhDG4J+AeHzqA0B8Gzifh17sfYPZQ\" \/><\/div>\n<\/fieldset>\n<\/div>\n\n<\/form>\n<\/div>\n<\/div>\n","protected":false},"excerpt":{"rendered":"<p>Ihre Vorteile Gute Gr\u00fcnde f\u00fcr Ladeinfrastruktur in der Immobilienwirtschaft Ihre Anfrage Bereit, die Energiewende mit SI Energy als Partner voranzutreiben? Kontaktieren Sie uns noch heute, um mehr \u00fcber unsere Dienstleistungen zu erfahren.<\/p>\n","protected":false},"author":1,"featured_media":0,"parent":0,"menu_order":0,"comment_status":"closed","ping_status":"closed","template":"","meta":{"footnotes":""},"class_list":["post-2263","page","type-page","status-publish","hentry"],"aioseo_notices":[],"acf":[],"_links":{"self":[{"href":"https:\/\/si-energy.de\/at\/wp-json\/wp\/v2\/pages\/2263","targetHints":{"allow":["GET"]}}],"collection":[{"href":"https:\/\/si-energy.de\/at\/wp-json\/wp\/v2\/pages"}],"about":[{"href":"https:\/\/si-energy.de\/at\/wp-json\/wp\/v2\/types\/page"}],"author":[{"embeddable":true,"href":"https:\/\/si-energy.de\/at\/wp-json\/wp\/v2\/users\/1"}],"replies":[{"embeddable":true,"href":"https:\/\/si-energy.de\/at\/wp-json\/wp\/v2\/comments?post=2263"}],"version-history":[{"count":0,"href":"https:\/\/si-energy.de\/at\/wp-json\/wp\/v2\/pages\/2263\/revisions"}],"wp:attachment":[{"href":"https:\/\/si-energy.de\/at\/wp-json\/wp\/v2\/media?parent=2263"}],"curies":[{"name":"wp","href":"https:\/\/api.w.org\/{rel}","templated":true}]}}