{"id":2264,"date":"2024-03-19T14:39:01","date_gmt":"2024-03-19T13:39:01","guid":{"rendered":"https:\/\/si-energy.de\/?page_id=2264"},"modified":"2024-08-26T11:47:09","modified_gmt":"2024-08-26T09:47:09","slug":"ladeloesungen-fuer-kommunen","status":"publish","type":"page","link":"https:\/\/si-energy.de\/at\/ladeloesungen-fuer-kommunen\/","title":{"rendered":"Ladel\u00f6sungen f\u00fcr Kommunen"},"content":{"rendered":"<div id=\"keyvisualblock_9043a4adc80708570b3045310ea574ab\" class=\"has-background block__keyvisual--type-overlapping-banner block__keyvisual alignfull -detect-in-viewport\" data-controller=\"keyvisual\" >\n            <div class=\"keyvisual__background\">\n                            <img loading=\"lazy\" decoding=\"async\" width=\"1920\" height=\"823\" src=\"https:\/\/si-energy.de\/wp-content\/uploads\/sites\/3\/2024\/04\/SI-Energy-Kommunen-1920x823.jpeg\" class=\"attachment-fullscreen_16_9 size-fullscreen_16_9\" alt=\"SI Energy Kommunen\" srcset=\"https:\/\/si-energy.de\/wp-content\/uploads\/sites\/3\/2024\/04\/SI-Energy-Kommunen-1920x823.jpeg 1920w, https:\/\/si-energy.de\/wp-content\/uploads\/sites\/3\/2024\/04\/SI-Energy-Kommunen-300x129.jpeg 300w, https:\/\/si-energy.de\/wp-content\/uploads\/sites\/3\/2024\/04\/SI-Energy-Kommunen-768x329.jpeg 768w, https:\/\/si-energy.de\/wp-content\/uploads\/sites\/3\/2024\/04\/SI-Energy-Kommunen-1024x439.jpeg 1024w, https:\/\/si-energy.de\/wp-content\/uploads\/sites\/3\/2024\/04\/SI-Energy-Kommunen-1536x658.jpeg 1536w, https:\/\/si-energy.de\/wp-content\/uploads\/sites\/3\/2024\/04\/SI-Energy-Kommunen-400x171.jpeg 400w, https:\/\/si-energy.de\/wp-content\/uploads\/sites\/3\/2024\/04\/SI-Energy-Kommunen.jpeg 2000w\" sizes=\"auto, (max-width: 1920px) 100vw, 1920px\" \/>                    <\/div>\n            \n\n    <div class=\"keyvisual__wrapper\">\n        <div class=\"container inner-blocks\">\n                        \n\n<div class=\"wp-block-group is-vertical is-content-justification-center is-nowrap is-layout-flex wp-container-core-group-is-layout-6e392426 wp-block-group-is-layout-flex\">\n<h1 class=\"wp-block-heading has-white-color has-text-color has-link-color wp-elements-dd0269e6bee1c7c2c0605b93a1690655\">Mobilit\u00e4tswende jetzt.<\/h1>\n\n\n\n<p class=\"has-white-color has-text-color has-link-color has-large-font-size wp-elements-e5a4c6f274e8e46c7d4425581fd56bb4\">Ladel\u00f6sungen f\u00fcr Kommunen<\/p>\n<\/div>\n\n        <\/div>\n\n    <\/div>\n\n    \n\n<\/div>\n\n\n<div class=\"wp-block-group alignwide is-layout-flow wp-block-group-is-layout-flow\"><div class=\"wp-bootstrap-blocks-row row gx-5 justify-content-center align-items-center\">\n\t\n\n<div class=\"col-12 col-md-6 vertical-center\">\n\t\t\t\n\n<h2 class=\"wp-block-heading\">Gemeinsam in die elektrische Zukunft<\/h2>\n\n\n\n<p>Gehen Sie in Sachen Mobilit\u00e4tswende voran! Mit \u00f6ffentlichen Ladestationen werden Sie zur Modellstadt und damit zum Vorbild f\u00fcr andere Kommunen. Wir unterst\u00fctzen Sie gerne dabei. <\/p>\n\n\n\n<p>Mit passgenau zugeschnittenen Ladel\u00f6sungen animieren Sie Skeptiker und Unentschlossene zum Umstieg auf Elektrofahrzeuge. Und Ihre B\u00fcrger werden Ihnen das Plus an Lebensqualit\u00e4t danken. Machen Sie mit uns den Schritt nach vorn? <\/p>\n\n\n\n<div id=\"buttonblock_7d7d6bdc7d638ca3379007b2783d838b\" class=\"btn--align-left block__button -detect-in-viewport\">\n\n  <div class=\"button__link \">\n          <a href=\"#kontakt\" target=\"\" class=\"btn btn--primary   \">\n        Unverbindlich anfragen        <svg viewBox=\"0 0 24 24\">\n          <use xlink:href=\"#button-arrow\"><\/use>\n        <\/svg>\n      <\/a>\n      <\/div>\n\n\n\n<\/div>\n\t<\/div>\n\n\n\n<div class=\"col-12 col-md-6 vertical-center\">\n\t\t\t\n\n<div id=\"image-with-chipblock_8bc4a45f45f6dbc6762b54c2082f81f7\" class=\"block__image-with-chip -detect-in-viewport\">\n  <div class=\"image-with-chip__wrapper\">\n    <div class=\"image-with-chip__image\">\n      <img loading=\"lazy\" decoding=\"async\" width=\"1080\" height=\"1080\" src=\"https:\/\/si-energy.de\/wp-content\/uploads\/sites\/3\/2024\/03\/SI-Energy-Keyvisual-2-1.webp\" class=\"attachment-fullscreen_16_9 size-fullscreen_16_9\" alt=\"\" srcset=\"https:\/\/si-energy.de\/wp-content\/uploads\/sites\/3\/2024\/03\/SI-Energy-Keyvisual-2-1.webp 1080w, https:\/\/si-energy.de\/wp-content\/uploads\/sites\/3\/2024\/03\/SI-Energy-Keyvisual-2-1-300x300.webp 300w, https:\/\/si-energy.de\/wp-content\/uploads\/sites\/3\/2024\/03\/SI-Energy-Keyvisual-2-1-1024x1024.webp 1024w, https:\/\/si-energy.de\/wp-content\/uploads\/sites\/3\/2024\/03\/SI-Energy-Keyvisual-2-1-150x150.webp 150w, https:\/\/si-energy.de\/wp-content\/uploads\/sites\/3\/2024\/03\/SI-Energy-Keyvisual-2-1-768x768.webp 768w, https:\/\/si-energy.de\/wp-content\/uploads\/sites\/3\/2024\/03\/SI-Energy-Keyvisual-2-1-400x400.webp 400w, https:\/\/si-energy.de\/wp-content\/uploads\/sites\/3\/2024\/03\/SI-Energy-Keyvisual-2-1-738x738.webp 738w\" sizes=\"auto, (max-width: 1080px) 100vw, 1080px\" \/>      <div class=\"image-with-chip__chip image-with-chip__chip--right      animate__animated animate__siRotateIn-right animate__delay-default\">\n        <svg width=\"326\" height=\"326\" viewBox=\"0 0 326 326\" fill=\"none\" xmlns=\"http:\/\/www.w3.org\/2000\/svg\">\n          <use xlink:href=\" #image-chip\">\n        <\/svg>\n      <\/div>\n    <\/div>\n  <\/div>\n<\/div>\n\t<\/div>\n\n<\/div>\n<\/div>\n\n\n\n<div class=\"wp-block-group alignwide has-primary-background-color has-background is-layout-constrained wp-block-group-is-layout-constrained\">\n<h2 class=\"wp-block-heading has-text-align-center\">Ihre Vorteile<\/h2>\n\n\n<div class=\"wp-bootstrap-blocks-row row\">\n\t\n\n<div class=\"col-12 col-md-6\">\n\t\t\t\n\n<div id=\"short-factblock_bd71238160213a25eabdc79a7c1acbd4\" class=\"block__short-fact__orientation--horizontal block__short-fact alignfull -detect-in-viewport\">\n  <div class=\"\">\n    <div class=\"short-fact__icon\">\n      <img loading=\"lazy\" decoding=\"async\" width=\"48\" height=\"48\" src=\"https:\/\/si-energy.de\/wp-content\/uploads\/sites\/3\/2024\/01\/Check_ring_white.svg\" class=\"attachment-fullscreen_16_9 size-fullscreen_16_9\" alt=\"Check_ring_white\" \/>    <\/div>\n    <div class=\"short-fact__inner-content\">\n            <p class=\"short-fact__paragraph\">\n        Sichere Beschaffung aller Bauelemente      <\/p>\n    <\/div>\n  <\/div>\n\n<\/div>\n\t<\/div>\n\n\n\n<div class=\"col-12 col-md-6\">\n\t\t\t\n\n<div id=\"short-factblock_f3c4762359c474557b7ddd1b1ba6919d\" class=\"block__short-fact__orientation--horizontal block__short-fact alignfull -detect-in-viewport\">\n  <div class=\"\">\n    <div class=\"short-fact__icon\">\n      <img loading=\"lazy\" decoding=\"async\" width=\"48\" height=\"48\" src=\"https:\/\/si-energy.de\/wp-content\/uploads\/sites\/3\/2024\/01\/Check_ring_white.svg\" class=\"attachment-fullscreen_16_9 size-fullscreen_16_9\" alt=\"Check_ring_white\" \/>    <\/div>\n    <div class=\"short-fact__inner-content\">\n            <p class=\"short-fact__paragraph\">\n        Abrechnung und Service 24\/7      <\/p>\n    <\/div>\n  <\/div>\n\n<\/div>\n\t<\/div>\n\n\n\n<div class=\"col-12 col-md-6\">\n\t\t\t\n\n<div id=\"short-factblock_c8f9840165a30f58b9110734b88118b6\" class=\"block__short-fact__orientation--horizontal block__short-fact alignfull -detect-in-viewport\">\n  <div class=\"\">\n    <div class=\"short-fact__icon\">\n      <img loading=\"lazy\" decoding=\"async\" width=\"48\" height=\"48\" src=\"https:\/\/si-energy.de\/wp-content\/uploads\/sites\/3\/2024\/01\/Check_ring_white.svg\" class=\"attachment-fullscreen_16_9 size-fullscreen_16_9\" alt=\"Check_ring_white\" \/>    <\/div>\n    <div class=\"short-fact__inner-content\">\n            <p class=\"short-fact__paragraph\">\n        Bau und Betrieb aus einer Hand      <\/p>\n    <\/div>\n  <\/div>\n\n<\/div>\n\t<\/div>\n\n\n\n<div class=\"col-12 col-md-6\">\n\t\t\t\n\n<div id=\"short-factblock_36f9edd3aa09ebbde3fb85d946bdf6c2\" class=\"block__short-fact__orientation--horizontal block__short-fact alignfull -detect-in-viewport\">\n  <div class=\"\">\n    <div class=\"short-fact__icon\">\n      <img loading=\"lazy\" decoding=\"async\" width=\"48\" height=\"48\" src=\"https:\/\/si-energy.de\/wp-content\/uploads\/sites\/3\/2024\/01\/Check_ring_white.svg\" class=\"attachment-fullscreen_16_9 size-fullscreen_16_9\" alt=\"Check_ring_white\" \/>    <\/div>\n    <div class=\"short-fact__inner-content\">\n            <p class=\"short-fact__paragraph\">\n        Transparente Abrechnung und Verg\u00fctung      <\/p>\n    <\/div>\n  <\/div>\n\n<\/div>\n\t<\/div>\n\n\n\n<div class=\"col-12 col-md-6\">\n\t\t\t\n\n<div id=\"short-factblock_ce11f77b771d46a4e12d48ce193823bc\" class=\"block__short-fact__orientation--horizontal block__short-fact alignfull -detect-in-viewport\">\n  <div class=\"\">\n    <div class=\"short-fact__icon\">\n      <img loading=\"lazy\" decoding=\"async\" width=\"48\" height=\"48\" src=\"https:\/\/si-energy.de\/wp-content\/uploads\/sites\/3\/2024\/01\/Check_ring_white.svg\" class=\"attachment-fullscreen_16_9 size-fullscreen_16_9\" alt=\"Check_ring_white\" \/>    <\/div>\n    <div class=\"short-fact__inner-content\">\n            <p class=\"short-fact__paragraph\">\n        Skalierbare Ladeinfrastruktur      <\/p>\n    <\/div>\n  <\/div>\n\n<\/div>\n\t<\/div>\n\n\n\n<div class=\"col-12 col-md-6\">\n\t\t\t\n\n<div id=\"short-factblock_263310aca19e80e90a3fe44c2b9ae78e\" class=\"block__short-fact__orientation--horizontal block__short-fact alignfull -detect-in-viewport\">\n  <div class=\"\">\n    <div class=\"short-fact__icon\">\n      <img loading=\"lazy\" decoding=\"async\" width=\"48\" height=\"48\" src=\"https:\/\/si-energy.de\/wp-content\/uploads\/sites\/3\/2024\/01\/Check_ring_white.svg\" class=\"attachment-fullscreen_16_9 size-fullscreen_16_9\" alt=\"Check_ring_white\" \/>    <\/div>\n    <div class=\"short-fact__inner-content\">\n            <p class=\"short-fact__paragraph\">\n        Einsicht \u00fcber alle Ladevorg\u00e4nge \u00fcber unser Portal      <\/p>\n    <\/div>\n  <\/div>\n\n<\/div>\n\t<\/div>\n\n<\/div>\n<\/div>\n\n\n\n<div class=\"wp-block-group alignfull is-layout-flow wp-block-group-is-layout-flow\" id=\"leistungen\">\n<h2 class=\"wp-block-heading has-text-align-center\">Gr\u00fcnde f\u00fcr die Einf\u00fchrung von Ladel\u00f6sungen in Ihrer Kommune<\/h2>\n\n\n\n<div id=\"horizontal-accordionblock_cf2bfa9a972cd3cf81e98ee0c06ef8ca\" class=\"block__horizontal-accordion -detect-in-viewport\" data-controller=\"horizontal-accordion\">\n\n  <div class=\"horizontal-accordion__inner-blocks inner-blocks\">\n    \n\n<div id=\"horizontal-accordion-itemblock_81fdb40c744aff56de1c05aef621f831\" class=\"block__horizontal-accordion-item -detect-in-viewport\" data-horizontal-accordion-target=\"item\">\n      <div class=\"horizontal-accordion-item__content\" data-action=\"click-&gt;horizontal-accordion#onToggle\" data-horizontal-accordion-id-param=\"horizontal-accordion-itemblock_81fdb40c744aff56de1c05aef621f831\">\n      <div class=\"horizontal-accordion-item__background-image\">\n        <img loading=\"lazy\" decoding=\"async\" width=\"1620\" height=\"1080\" src=\"https:\/\/si-energy.de\/wp-content\/uploads\/sites\/3\/2024\/04\/SI-Energy-Kommunen-2-1620x1080.jpeg\" class=\"attachment-fullscreen_16_9 size-fullscreen_16_9\" alt=\"SI Energy Kommunen\" srcset=\"https:\/\/si-energy.de\/wp-content\/uploads\/sites\/3\/2024\/04\/SI-Energy-Kommunen-2-1620x1080.jpeg 1620w, https:\/\/si-energy.de\/wp-content\/uploads\/sites\/3\/2024\/04\/SI-Energy-Kommunen-2-300x200.jpeg 300w, https:\/\/si-energy.de\/wp-content\/uploads\/sites\/3\/2024\/04\/SI-Energy-Kommunen-2-768x512.jpeg 768w, https:\/\/si-energy.de\/wp-content\/uploads\/sites\/3\/2024\/04\/SI-Energy-Kommunen-2-1024x682.jpeg 1024w, https:\/\/si-energy.de\/wp-content\/uploads\/sites\/3\/2024\/04\/SI-Energy-Kommunen-2-1536x1024.jpeg 1536w, https:\/\/si-energy.de\/wp-content\/uploads\/sites\/3\/2024\/04\/SI-Energy-Kommunen-2-400x267.jpeg 400w, https:\/\/si-energy.de\/wp-content\/uploads\/sites\/3\/2024\/04\/SI-Energy-Kommunen-2.jpeg 2000w\" sizes=\"auto, (max-width: 1620px) 100vw, 1620px\" \/>      <\/div>\n      <h4>Lebensqualit\u00e4t erh\u00f6hen<\/h4>\n      <div href=\"#\" class=\"horizontal-accordion__item-icon\">\n        <svg viewBox=\"0 0 81 86\">\n          <use xlink:href=\"#horizontal-accordion-toggle\"><\/use>\n        <\/svg>\n      <\/div>\n      <div class=\"horizontal-accordion-item__inner-blocks inner-blocks\">\n        \n\n<p>Bieten Sie Ihren B\u00fcrgern und auch Besuchern zeitgem\u00e4\u00dfe, umweltfreundliche Mobilit\u00e4tsl\u00f6sungen &#8211; und verbessern Sie die Luftqualit\u00e4t.<\/p>\n\n      <\/div>\n    <\/div>\n<\/div>\n\n\n\n<div id=\"horizontal-accordion-itemblock_9d05c41e579e9d5f84b62f5e5375fcb8\" class=\"block__horizontal-accordion-item -detect-in-viewport\" data-horizontal-accordion-target=\"item\">\n      <div class=\"horizontal-accordion-item__content\" data-action=\"click-&gt;horizontal-accordion#onToggle\" data-horizontal-accordion-id-param=\"horizontal-accordion-itemblock_9d05c41e579e9d5f84b62f5e5375fcb8\">\n      <div class=\"horizontal-accordion-item__background-image\">\n        <img loading=\"lazy\" decoding=\"async\" width=\"1920\" height=\"1080\" src=\"https:\/\/si-energy.de\/wp-content\/uploads\/sites\/3\/2024\/04\/SI-Energy-Kommunen-3-1920x1080.jpeg\" class=\"attachment-fullscreen_16_9 size-fullscreen_16_9\" alt=\"SI Energy Kommunen\" srcset=\"https:\/\/si-energy.de\/wp-content\/uploads\/sites\/3\/2024\/04\/SI-Energy-Kommunen-3-1920x1080.jpeg 1920w, https:\/\/si-energy.de\/wp-content\/uploads\/sites\/3\/2024\/04\/SI-Energy-Kommunen-3-300x169.jpeg 300w, https:\/\/si-energy.de\/wp-content\/uploads\/sites\/3\/2024\/04\/SI-Energy-Kommunen-3-768x432.jpeg 768w, https:\/\/si-energy.de\/wp-content\/uploads\/sites\/3\/2024\/04\/SI-Energy-Kommunen-3-1024x576.jpeg 1024w, https:\/\/si-energy.de\/wp-content\/uploads\/sites\/3\/2024\/04\/SI-Energy-Kommunen-3-1536x864.jpeg 1536w, https:\/\/si-energy.de\/wp-content\/uploads\/sites\/3\/2024\/04\/SI-Energy-Kommunen-3-400x225.jpeg 400w, https:\/\/si-energy.de\/wp-content\/uploads\/sites\/3\/2024\/04\/SI-Energy-Kommunen-3-738x416.jpeg 738w, https:\/\/si-energy.de\/wp-content\/uploads\/sites\/3\/2024\/04\/SI-Energy-Kommunen-3.jpeg 2000w\" sizes=\"auto, (max-width: 1920px) 100vw, 1920px\" \/>      <\/div>\n      <h4>Standortattraktivit\u00e4t steigern<\/h4>\n      <div href=\"#\" class=\"horizontal-accordion__item-icon\">\n        <svg viewBox=\"0 0 81 86\">\n          <use xlink:href=\"#horizontal-accordion-toggle\"><\/use>\n        <\/svg>\n      <\/div>\n      <div class=\"horizontal-accordion-item__inner-blocks inner-blocks\">\n        \n\n<p>Machen Sie Ihre Stadt zum begehrten Ausflugsziel f\u00fcr umweltbewusste Menschen und f\u00f6rdern Sie einen nachhaltigen Tourismus.<\/p>\n\n      <\/div>\n    <\/div>\n<\/div>\n\n\n\n<div id=\"horizontal-accordion-itemblock_c232680ba7fd2f27ebe14a72c75ecfe1\" class=\"block__horizontal-accordion-item -detect-in-viewport\" data-horizontal-accordion-target=\"item\">\n      <div class=\"horizontal-accordion-item__content\" data-action=\"click-&gt;horizontal-accordion#onToggle\" data-horizontal-accordion-id-param=\"horizontal-accordion-itemblock_c232680ba7fd2f27ebe14a72c75ecfe1\">\n      <div class=\"horizontal-accordion-item__background-image\">\n        <img loading=\"lazy\" decoding=\"async\" width=\"1620\" height=\"1080\" src=\"https:\/\/si-energy.de\/wp-content\/uploads\/sites\/3\/2024\/04\/SI-Energy-Kommunen-4-1620x1080.jpeg\" class=\"attachment-fullscreen_16_9 size-fullscreen_16_9\" alt=\"SI Energy Kommunen\" srcset=\"https:\/\/si-energy.de\/wp-content\/uploads\/sites\/3\/2024\/04\/SI-Energy-Kommunen-4-1620x1080.jpeg 1620w, https:\/\/si-energy.de\/wp-content\/uploads\/sites\/3\/2024\/04\/SI-Energy-Kommunen-4-300x200.jpeg 300w, https:\/\/si-energy.de\/wp-content\/uploads\/sites\/3\/2024\/04\/SI-Energy-Kommunen-4-768x512.jpeg 768w, https:\/\/si-energy.de\/wp-content\/uploads\/sites\/3\/2024\/04\/SI-Energy-Kommunen-4-1024x682.jpeg 1024w, https:\/\/si-energy.de\/wp-content\/uploads\/sites\/3\/2024\/04\/SI-Energy-Kommunen-4-1536x1024.jpeg 1536w, https:\/\/si-energy.de\/wp-content\/uploads\/sites\/3\/2024\/04\/SI-Energy-Kommunen-4-400x267.jpeg 400w, https:\/\/si-energy.de\/wp-content\/uploads\/sites\/3\/2024\/04\/SI-Energy-Kommunen-4.jpeg 2000w\" sizes=\"auto, (max-width: 1620px) 100vw, 1620px\" \/>      <\/div>\n      <h4>Mobilit\u00e4t gr\u00fcn denken<\/h4>\n      <div href=\"#\" class=\"horizontal-accordion__item-icon\">\n        <svg viewBox=\"0 0 81 86\">\n          <use xlink:href=\"#horizontal-accordion-toggle\"><\/use>\n        <\/svg>\n      <\/div>\n      <div class=\"horizontal-accordion-item__inner-blocks inner-blocks\">\n        \n\n<p>Positionieren Sie Ihre Stadt oder Gemeinde als Vorreiterin einer nachhaltigen Zukunftsmobilit\u00e4t.<\/p>\n\n      <\/div>\n    <\/div>\n<\/div>\n\n\n\n<div id=\"horizontal-accordion-itemblock_3cd27e13b7246f3f90c5e7f887b13022\" class=\"block__horizontal-accordion-item -detect-in-viewport\" data-horizontal-accordion-target=\"item\">\n      <div class=\"horizontal-accordion-item__content\" data-action=\"click-&gt;horizontal-accordion#onToggle\" data-horizontal-accordion-id-param=\"horizontal-accordion-itemblock_3cd27e13b7246f3f90c5e7f887b13022\">\n      <div class=\"horizontal-accordion-item__background-image\">\n        <img loading=\"lazy\" decoding=\"async\" width=\"1619\" height=\"1080\" src=\"https:\/\/si-energy.de\/wp-content\/uploads\/sites\/3\/2024\/04\/SI-Energy-Kommunen-5-1619x1080.jpeg\" class=\"attachment-fullscreen_16_9 size-fullscreen_16_9\" alt=\"SI Energy Kommunen\" srcset=\"https:\/\/si-energy.de\/wp-content\/uploads\/sites\/3\/2024\/04\/SI-Energy-Kommunen-5-1619x1080.jpeg 1619w, https:\/\/si-energy.de\/wp-content\/uploads\/sites\/3\/2024\/04\/SI-Energy-Kommunen-5-300x200.jpeg 300w, https:\/\/si-energy.de\/wp-content\/uploads\/sites\/3\/2024\/04\/SI-Energy-Kommunen-5-768x512.jpeg 768w, https:\/\/si-energy.de\/wp-content\/uploads\/sites\/3\/2024\/04\/SI-Energy-Kommunen-5-1024x683.jpeg 1024w, https:\/\/si-energy.de\/wp-content\/uploads\/sites\/3\/2024\/04\/SI-Energy-Kommunen-5-1536x1025.jpeg 1536w, https:\/\/si-energy.de\/wp-content\/uploads\/sites\/3\/2024\/04\/SI-Energy-Kommunen-5-400x267.jpeg 400w, https:\/\/si-energy.de\/wp-content\/uploads\/sites\/3\/2024\/04\/SI-Energy-Kommunen-5.jpeg 2000w\" sizes=\"auto, (max-width: 1619px) 100vw, 1619px\" \/>      <\/div>\n      <h4>Den Fortschritt f\u00f6rdern<\/h4>\n      <div href=\"#\" class=\"horizontal-accordion__item-icon\">\n        <svg viewBox=\"0 0 81 86\">\n          <use xlink:href=\"#horizontal-accordion-toggle\"><\/use>\n        <\/svg>\n      <\/div>\n      <div class=\"horizontal-accordion-item__inner-blocks inner-blocks\">\n        \n\n<p>Unterst\u00fctzen Sie die bundesweite Verbreitung von Elektromobilit\u00e4t. F\u00fcr noch lebenswertere St\u00e4dte und zufriedenere B\u00fcrger.<\/p>\n\n      <\/div>\n    <\/div>\n<\/div>\n\n  <\/div>\n\n<\/div><\/div>\n\n\n\n<div id=\"kontakt\" class=\"wp-block-group is-layout-constrained wp-block-group-is-layout-constrained\">\n<h2 class=\"wp-block-heading has-text-align-center\">Ihre Anfrage<\/h2>\n\n\n\n<p class=\"has-text-align-center\">Bereit, die Energiewende mit SI Energy als Partner voranzutreiben? Kontaktieren Sie uns noch heute, um mehr \u00fcber unsere Dienstleistungen zu erfahren.<\/p>\n\n\n<div class=\"frm_forms  with_frm_style frm_style_formidable-style\" id=\"frm_form_1_container\" >\n<form enctype=\"multipart\/form-data\" method=\"post\" class=\"frm-show-form  frm_ajax_submit  frm_pro_form \" id=\"form_contact-form\" >\n<div class=\"frm_form_fields \">\n<fieldset>\n<legend class=\"frm_screen_reader\">Kontaktformular SI Energy<\/legend>\r\n\r\n<div class=\"frm_fields_container\">\n<input type=\"hidden\" name=\"frm_action\" value=\"create\" \/>\n<input type=\"hidden\" name=\"form_id\" value=\"1\" \/>\n<input type=\"hidden\" name=\"frm_hide_fields_1\" id=\"frm_hide_fields_1\" value=\"\" \/>\n<input type=\"hidden\" name=\"form_key\" value=\"contact-form\" \/>\n<input type=\"hidden\" name=\"item_meta[0]\" value=\"\" \/>\n<input type=\"hidden\" id=\"frm_submit_entry_1\" name=\"frm_submit_entry_1\" value=\"a2582c4bdc\" \/><input type=\"hidden\" name=\"_wp_http_referer\" value=\"\/at\/wp-json\/wp\/v2\/pages\/2264\" \/><div id=\"frm_field_6_container\" class=\"frm_form_field form-field  frm_top_container\">\r\n    <label for=\"field_c3v4z\" id=\"field_c3v4z_label\" class=\"frm_primary_label\">Firma\r\n        <span class=\"frm_required\" aria-hidden=\"true\"><\/span>\r\n    <\/label>\r\n    <input  type=\"text\" id=\"field_c3v4z\" name=\"item_meta[6]\" value=\"\"  data-invmsg=\"Text ist ung\u00fcltig\" aria-invalid=\"false\"   \/>\r\n    \r\n    \r\n<\/div>\n<div id=\"frm_field_1_container\" class=\"frm_form_field form-field  frm_required_field frm_top_container frm_first frm_half\">\r\n    <label for=\"field_qh4icy\" id=\"field_qh4icy_label\" class=\"frm_primary_label\">Vorname\r\n        <span class=\"frm_required\" aria-hidden=\"true\">*<\/span>\r\n    <\/label>\r\n    <input  type=\"text\" id=\"field_qh4icy\" name=\"item_meta[1]\" value=\"\"  data-reqmsg=\"Dieses Feld darf nicht leer sein.\" aria-required=\"true\" data-invmsg=\"Name ist ung\u00fcltig\" aria-invalid=\"false\"   \/>\r\n    \r\n    \r\n<\/div>\n<div id=\"frm_field_2_container\" class=\"frm_form_field form-field  frm_required_field frm_top_container frm_half\">\r\n    <label for=\"field_ocfup1\" id=\"field_ocfup1_label\" class=\"frm_primary_label\">Nachname\r\n        <span class=\"frm_required\" aria-hidden=\"true\">*<\/span>\r\n    <\/label>\r\n    <input  type=\"text\" id=\"field_ocfup1\" name=\"item_meta[2]\" value=\"\"  data-reqmsg=\"Dieses Feld darf nicht leer sein.\" aria-required=\"true\" data-invmsg=\"Last ist ung\u00fcltig\" aria-invalid=\"false\"   \/>\r\n    \r\n    \r\n<\/div>\n<div id=\"frm_field_3_container\" class=\"frm_form_field form-field  frm_required_field frm_top_container frm_full\">\r\n    <label for=\"field_29yf4d\" id=\"field_29yf4d_label\" class=\"frm_primary_label\">E-Mail\r\n        <span class=\"frm_required\" aria-hidden=\"true\">*<\/span>\r\n    <\/label>\r\n    <input type=\"email\" id=\"field_29yf4d\" name=\"item_meta[3]\" value=\"\"  data-reqmsg=\"Dieses Feld darf nicht leer sein.\" aria-required=\"true\" data-invmsg=\"Please enter a valid email address\" aria-invalid=\"false\"  \/>\r\n    \r\n    \r\n<\/div>\n<div id=\"frm_field_4_container\" class=\"frm_form_field form-field  frm_top_container\">\r\n    <label for=\"field_e6lis6\" id=\"field_e6lis6_label\" class=\"frm_primary_label\">Telefon\r\n        <span class=\"frm_required\" aria-hidden=\"true\"><\/span>\r\n    <\/label>\r\n    <input  type=\"text\" id=\"field_e6lis6\" name=\"item_meta[4]\" value=\"\"  data-invmsg=\"Subject ist ung\u00fcltig\" aria-invalid=\"false\"   \/>\r\n    \r\n    \r\n<\/div>\n<div id=\"frm_field_5_container\" class=\"frm_form_field form-field  frm_required_field frm_top_container frm_full\">\r\n    <label for=\"field_9jv0r1\" id=\"field_9jv0r1_label\" class=\"frm_primary_label\">Nachricht\r\n        <span class=\"frm_required\" aria-hidden=\"true\">*<\/span>\r\n    <\/label>\r\n    <textarea name=\"item_meta[5]\" id=\"field_9jv0r1\" rows=\"5\"  data-reqmsg=\"Dieses Feld darf nicht leer sein.\" aria-required=\"true\" data-invmsg=\"Message ist ung\u00fcltig\" aria-invalid=\"false\"  ><\/textarea>\r\n    \r\n    \r\n<\/div>\n<div id=\"frm_field_37_container\" class=\"frm_form_field form-field \">\r\n\t<div class=\"frm_submit frm_flex\">\r\n<button class=\"frm_button_submit frm_final_submit\" type=\"submit\"  formnovalidate=\"formnovalidate\">Senden<\/button>\r\n\r\n\r\n\r\n<\/div>\r\n<\/div>\n\t<input type=\"hidden\" name=\"item_key\" value=\"\" \/>\n\t\t\t<div id=\"frm_field_77_container\">\n\t\t\t<label for=\"field_5hcn0\" >\n\t\t\t\tIf you are human, leave this field blank.\t\t\t<\/label>\n\t\t\t<input  id=\"field_5hcn0\" type=\"text\" class=\"frm_form_field form-field frm_verify\" name=\"item_meta[77]\" value=\"\"  \/>\n\t\t<\/div>\n\t\t<input name=\"frm_state\" type=\"hidden\" value=\"nmK3UXHHemDTlHx7aF8\/MhoIDv675iydSYTs5CuSXtceHzqA0B8Gzifh17sfYPZQ\" \/><\/div>\n<\/fieldset>\n<\/div>\n\n<\/form>\n<\/div>\n<\/div>\n","protected":false},"excerpt":{"rendered":"<p>Ihre Vorteile Gr\u00fcnde f\u00fcr die Einf\u00fchrung von Ladel\u00f6sungen in Ihrer Kommune Ihre Anfrage Bereit, die Energiewende mit SI Energy als Partner voranzutreiben? Kontaktieren Sie uns noch heute, um mehr \u00fcber unsere Dienstleistungen zu erfahren.<\/p>\n","protected":false},"author":1,"featured_media":0,"parent":0,"menu_order":0,"comment_status":"closed","ping_status":"closed","template":"","meta":{"footnotes":""},"class_list":["post-2264","page","type-page","status-publish","hentry"],"aioseo_notices":[],"acf":[],"_links":{"self":[{"href":"https:\/\/si-energy.de\/at\/wp-json\/wp\/v2\/pages\/2264","targetHints":{"allow":["GET"]}}],"collection":[{"href":"https:\/\/si-energy.de\/at\/wp-json\/wp\/v2\/pages"}],"about":[{"href":"https:\/\/si-energy.de\/at\/wp-json\/wp\/v2\/types\/page"}],"author":[{"embeddable":true,"href":"https:\/\/si-energy.de\/at\/wp-json\/wp\/v2\/users\/1"}],"replies":[{"embeddable":true,"href":"https:\/\/si-energy.de\/at\/wp-json\/wp\/v2\/comments?post=2264"}],"version-history":[{"count":0,"href":"https:\/\/si-energy.de\/at\/wp-json\/wp\/v2\/pages\/2264\/revisions"}],"wp:attachment":[{"href":"https:\/\/si-energy.de\/at\/wp-json\/wp\/v2\/media?parent=2264"}],"curies":[{"name":"wp","href":"https:\/\/api.w.org\/{rel}","templated":true}]}}