{"id":2270,"date":"2024-03-18T10:31:55","date_gmt":"2024-03-18T09:31:55","guid":{"rendered":"https:\/\/si-energy.de\/?page_id=2270"},"modified":"2024-12-16T11:37:36","modified_gmt":"2024-12-16T10:37:36","slug":"home","status":"publish","type":"page","link":"https:\/\/si-energy.de\/at\/","title":{"rendered":"Home"},"content":{"rendered":"<div id=\"keyvisualblock_c2778ed817958594edc101025eeddf8d\" class=\"has-background block__keyvisual--type-frontpage block__keyvisual alignfull -detect-in-viewport\" data-controller=\"keyvisual\" >\n            <div class=\"keyvisual__background\">\n                            <img loading=\"lazy\" decoding=\"async\" width=\"1920\" height=\"1080\" src=\"https:\/\/si-energy.de\/wp-content\/uploads\/sites\/3\/2024\/01\/si-energy-header-image-WEB.webp\" class=\"attachment-fullscreen_16_9 size-fullscreen_16_9\" alt=\"SI Energy Hero Bild Ladestation\" srcset=\"https:\/\/si-energy.de\/wp-content\/uploads\/sites\/3\/2024\/01\/si-energy-header-image-WEB.webp 1920w, https:\/\/si-energy.de\/wp-content\/uploads\/sites\/3\/2024\/01\/si-energy-header-image-WEB-300x169.webp 300w, https:\/\/si-energy.de\/wp-content\/uploads\/sites\/3\/2024\/01\/si-energy-header-image-WEB-768x432.webp 768w, https:\/\/si-energy.de\/wp-content\/uploads\/sites\/3\/2024\/01\/si-energy-header-image-WEB-1024x576.webp 1024w, https:\/\/si-energy.de\/wp-content\/uploads\/sites\/3\/2024\/01\/si-energy-header-image-WEB-1536x864.webp 1536w, https:\/\/si-energy.de\/wp-content\/uploads\/sites\/3\/2024\/01\/si-energy-header-image-WEB-400x225.webp 400w, https:\/\/si-energy.de\/wp-content\/uploads\/sites\/3\/2024\/01\/si-energy-header-image-WEB-738x416.webp 738w\" sizes=\"auto, (max-width: 1920px) 100vw, 1920px\" \/>                    <\/div>\n                    <div class=\"keyvisual__animation\">\n                <div class=\"keyvisual__animation__wrapper\">\n\n                    <div class=\"animate__animated animate__siRotateIn-left animate__delay-1s animation-delay keyvisual__chip__top-left\">\n                    <\/div>\n                    <div class=\"animate__animated animate__siRotateIn-left animate__delay-2s keyvisual__chip__top-right\"><\/div>\n                    <div class=\"animate__animated animate__siRotateIn-left animate__delay-3s keyvisual__chip__bottom-left\"><\/div>\n                    <div class=\"animate__animated animate__siRotateIn-left animate__delay-4s keyvisual__chip__bottom-right\"><\/div>\n                <\/div>\n            <\/div>\n            \n\n    <div class=\"keyvisual__wrapper\">\n        <div class=\"container inner-blocks\">\n                        \n\n<div class=\"wp-block-group is-vertical is-content-justification-center is-nowrap is-layout-flex wp-container-core-group-is-layout-6e392426 wp-block-group-is-layout-flex\">\n<h1 class=\"wp-block-heading has-text-align-center has-white-color has-text-color\">Wir elektrifizieren \u00d6sterreich.<\/h1>\n<\/div>\n\n        <\/div>\n\n    <\/div>\n\n    \n\n<\/div>\n\n\n<div class=\"wp-block-group alignwide is-layout-flow wp-block-group-is-layout-flow\"><div class=\"wp-bootstrap-blocks-row row gx-5 justify-content-center align-items-center\">\n\t\n\n<div class=\"col-12 col-md-6 vertical-center\">\n\t\t\t\n\n<h2 class=\"wp-block-heading\">Ihr Experte f\u00fcr Ladeinfrastrukturen<\/h2>\n\n\n\n<p>Die Reise zur Elektromobilit\u00e4t steckt voller M\u00f6glichkeiten. Doch die Herausforderungen sind facettenreich &#8211; insbesondere beim Aufbau einer zuverl\u00e4ssigen Ladeinfrastruktur. <\/p>\n\n\n\n<p>Nehmen Sie eine Abk\u00fcrzung in die gr\u00fcne Zukunft: Wir liefern Ihnen mehr als nur erstklassige Lades\u00e4ulen. Mit SI Energy setzen Sie auf eine Komplettl\u00f6sung, die genau zu Ihnen passt. Planen, installieren, in Betrieb nehmen, abrechnen und warten: Wir k\u00fcmmern uns um nahezu jede Aufgabe. Packen Sie mit uns gemeinsam die Energiewende an und erschlie\u00dfen Sie neue Potenziale f\u00fcr Ihr Gesch\u00e4ft!<\/p>\n\n\n\n<div id=\"buttonblock_3e98b3a72f9be44084165d99893d430f\" class=\"btn--align-left block__button -detect-in-viewport\">\n\n  <div class=\"button__link \">\n          <a href=\"https:\/\/si-energy.de\/branchenloesungen\/\" target=\"\" class=\"btn btn--primary   \">\n        L\u00f6sungen entdecken        <svg viewBox=\"0 0 24 24\">\n          <use xlink:href=\"#button-arrow\"><\/use>\n        <\/svg>\n      <\/a>\n      <\/div>\n\n\n\n<\/div>\n\t<\/div>\n\n\n\n<div class=\"col-12 col-md-6 vertical-center\">\n\t\t\t\n\n<div id=\"image-with-chipblock_cd5a484bd8791845eaffea60da93646d\" class=\"block__image-with-chip -detect-in-viewport\">\n  <div class=\"image-with-chip__wrapper\">\n    <div class=\"image-with-chip__image\">\n      <img loading=\"lazy\" decoding=\"async\" width=\"1650\" height=\"1080\" src=\"https:\/\/si-energy.de\/wp-content\/uploads\/sites\/3\/2024\/03\/Die-Zukunft-aufladen-1650x1080.webp\" class=\"attachment-fullscreen_16_9 size-fullscreen_16_9\" alt=\"\" srcset=\"https:\/\/si-energy.de\/wp-content\/uploads\/sites\/3\/2024\/03\/Die-Zukunft-aufladen-1650x1080.webp 1650w, https:\/\/si-energy.de\/wp-content\/uploads\/sites\/3\/2024\/03\/Die-Zukunft-aufladen-300x196.webp 300w, https:\/\/si-energy.de\/wp-content\/uploads\/sites\/3\/2024\/03\/Die-Zukunft-aufladen-1024x670.webp 1024w, https:\/\/si-energy.de\/wp-content\/uploads\/sites\/3\/2024\/03\/Die-Zukunft-aufladen-768x503.webp 768w, https:\/\/si-energy.de\/wp-content\/uploads\/sites\/3\/2024\/03\/Die-Zukunft-aufladen-1536x1006.webp 1536w, https:\/\/si-energy.de\/wp-content\/uploads\/sites\/3\/2024\/03\/Die-Zukunft-aufladen-400x262.webp 400w, https:\/\/si-energy.de\/wp-content\/uploads\/sites\/3\/2024\/03\/Die-Zukunft-aufladen.webp 1700w\" sizes=\"auto, (max-width: 1650px) 100vw, 1650px\" \/>      <div class=\"image-with-chip__chip image-with-chip__chip--right      animate__animated animate__siRotateIn-right animate__delay-default\">\n        <svg width=\"326\" height=\"326\" viewBox=\"0 0 326 326\" fill=\"none\" xmlns=\"http:\/\/www.w3.org\/2000\/svg\">\n          <use xlink:href=\" #image-chip\">\n        <\/svg>\n      <\/div>\n    <\/div>\n  <\/div>\n<\/div>\n\t<\/div>\n\n<\/div>\n<\/div>\n\n\n\n<div class=\"wp-block-group alignwide has-light-grey-background-color has-background is-layout-constrained wp-block-group-is-layout-constrained\">\n<h2 class=\"wp-block-heading has-text-align-center\">Daf\u00fcr stehen wir<\/h2>\n\n\n<div class=\"wp-bootstrap-blocks-row row gx-5\">\n\t\n\n<div class=\"col-12 col-md-4\">\n\t\t\t\n\n<div id=\"short-factblock_e38a9ac1a1af15cdfd6222999c04edb2\" class=\"block__short-fact__orientation--vertical block__short-fact -detect-in-viewport\">\n  <div class=\"animate__animated animate__fadeIn animate__delay-default\">\n    <div class=\"short-fact__icon\">\n      <img loading=\"lazy\" decoding=\"async\" width=\"24\" height=\"24\" src=\"https:\/\/si-energy.de\/wp-content\/uploads\/sites\/3\/2024\/03\/Business-Deal-Handshake-1-Streamline-Ultimate-blue.svg\" class=\"attachment-fullscreen_16_9 size-fullscreen_16_9\" alt=\"\" \/>    <\/div>\n    <div class=\"short-fact__inner-content\">\n              <h5 class=\"short-fact__title\">\n          Individuelle Beratung        <\/h5>\n            <p class=\"short-fact__paragraph\">\n        Fordern Sie uns: Wir verstehen Ihre Bed\u00fcrfnisse, entwickeln ma\u00dfgeschneiderte L\u00f6sungen und denken f\u00fcr Sie um die Ecke.      <\/p>\n    <\/div>\n  <\/div>\n\n<\/div>\n\t<\/div>\n\n\n\n<div class=\"col-12 col-md-4\">\n\t\t\t\n\n<div id=\"short-factblock_0db5d59eb6ebd9c1e553c798875bd566\" class=\"block__short-fact__orientation--vertical block__short-fact -detect-in-viewport\">\n  <div class=\"animate__animated animate__fadeIn animate__delay-1s\">\n    <div class=\"short-fact__icon\">\n      <img loading=\"lazy\" decoding=\"async\" width=\"46\" height=\"67\" src=\"https:\/\/si-energy.de\/wp-content\/uploads\/sites\/3\/2024\/03\/Weg-2.svg\" class=\"attachment-fullscreen_16_9 size-fullscreen_16_9\" alt=\"\" \/>    <\/div>\n    <div class=\"short-fact__inner-content\">\n              <h5 class=\"short-fact__title\">\n          Technische Kompetenz        <\/h5>\n            <p class=\"short-fact__paragraph\">\n        Von der Lades\u00e4ule bis zur PV-Anlage: Mit unserem Know-how verf\u00fcgen Sie \u00fcber die neuesten Technologien &#8211; heute und in Zukunft.      <\/p>\n    <\/div>\n  <\/div>\n\n<\/div>\n\t<\/div>\n\n\n\n<div class=\"col-12 col-md-4\">\n\t\t\t\n\n<div id=\"short-factblock_87aea76d7e4a1c88a8afd75c69aef741\" class=\"block__short-fact__orientation--vertical block__short-fact -detect-in-viewport\">\n  <div class=\"animate__animated animate__fadeIn animate__delay-2s\">\n    <div class=\"short-fact__icon\">\n      <img loading=\"lazy\" decoding=\"async\" width=\"46\" height=\"43\" src=\"https:\/\/si-energy.de\/wp-content\/uploads\/sites\/3\/2024\/03\/Windrad-1-1.svg\" class=\"attachment-fullscreen_16_9 size-fullscreen_16_9\" alt=\"\" \/>    <\/div>\n    <div class=\"short-fact__inner-content\">\n              <h5 class=\"short-fact__title\">\n          Klimafreundliche Innovationen        <\/h5>\n            <p class=\"short-fact__paragraph\">\n        Werden Sie zum Vorreiter in Sachen Energiewende: Mit uns reduzieren Sie schnell und nachhaltig CO2-Emissionen. So erreichen Sie Ihre Energieziele im Handumdrehen.      <\/p>\n    <\/div>\n  <\/div>\n\n<\/div>\n\t<\/div>\n\n<\/div>\n<\/div>\n\n\n\n<div class=\"wp-block-group is-layout-constrained wp-block-group-is-layout-constrained\">\n<h2 class=\"wp-block-heading has-text-align-center\">Komplettpaket aus einer Hand<\/h2>\n\n\n\n\n<div id=\"si-stepsblock_79fc06cf0ed1965d32db1755c4ea6970\" class=\"block__si-steps -detect-in-viewport\" data-controller=\"si-steps\" data-si-steps-all-steps-value=\"W3sidG9vbHRpcCI6IkVuZXJnaWUiLCJ0aXRsZSI6IkVuZXJnaWUiLCJjb250ZW50IjoiPHA+V2lyIGtcdTAwZmNtbWVybiB1bnMgdW0gZGllIEVuZXJnaWVlcnpldWd1bmcgdW5kIC12ZXJzb3JndW5nIHBlciBQaG90b3ZvbHRhaWsuPFwvcD5cbiJ9LHsidG9vbHRpcCI6IkxhZGVzXHUwMGU0dWxlbiIsInRpdGxlIjoiTGFkZXNcdTAwZTR1bGVuIiwiY29udGVudCI6IjxwPldpciB1bnRlcnN0XHUwMGZjdHplbiBTaWUgYmVpIEF1c3dhaGwsIEJlc2NoYWZmdW5nIHVuZCBCZXRyaWViIElocmVyIExhZGVzXHUwMGU0dWxlbi48XC9wPlxuIn0seyJ0b29sdGlwIjoiSW5mcmFzdHJ1a3R1ciIsInRpdGxlIjoiSW5mcmFzdHJ1a3R1ciIsImNvbnRlbnQiOiI8cD5XaXIgcGxhbmVuIHVuZCBpbnN0YWxsaWVyZW4gZGllIGZcdTAwZmNyIFNpZSBpZGVhbGUgJiM4MjIwO0hhcmR3YXJlJiM4MjIxOyB1bmQgYnJpbmdlbiBzaWUgYW5zIE5ldHouPFwvcD5cbiJ9LHsidG9vbHRpcCI6IkJldHJpZWIiLCJ0aXRsZSI6IkJldHJpZWIiLCJjb250ZW50IjoiPHA+QWxzIElociBDaGFyZ2UgUG9pbnQgT3BlcmF0b3IgKENQTykgc29yZ2VuIHdpciBmXHUwMGZjciBlaW5lbiByZWlidW5nc2ZyZWllbiBCZXRyaWViLjxcL3A+XG4ifV0=\">\n\n  <div class=\"si-steps__tooltip\" data-si-steps-target=\"tooltip\"><\/div>\n\n  <div class=\"si-steps__wrapper\">\n    <div class=\"si-steps__image-wrapper\">\n\n      <?xml version=\"1.0\" encoding=\"UTF-8\"?>\n<svg id=\"Layer_1\" data-name=\"Layer 1\" xmlns=\"http:\/\/www.w3.org\/2000\/svg\" viewBox=\"0 0 309.1 310.3\">\n  <g id=\"step-4\">\n    <path d=\"m151,232.5c-19,0-37.3-7.6-50.8-21s-21-31.7-21-50.6v-.6H0c-.2,63,33.5,111.3,84.7,134.6,20.6,10.1,43.3,15.3,66.2,15.4h.1v-77.8Z\" fill=\"#d9d9d9\" stroke-width=\"0\"\/>\n  <\/g>\n  <g id=\"step-3\">\n    <path d=\"m231.4,159.1c0,19-7.6,37.3-21,50.8s-31.6,21-50.6,21h-.7v79.3c63,.2,111.3-33.5,134.6-84.7,10.1-20.6,15.3-43.3,15.4-66.2v-.1h-77.7v-.1h0Z\" fill=\"#d9d9d9\" stroke-width=\"0\"\/>\n  <\/g>\n  <g id=\"step-2\">\n    <path d=\"m158,77.7c19,0,37.3,7.6,50.8,21s21,31.7,21,50.6v.6h79.2c.2-63-33.5-111.3-84.7-134.6C203.7,5.3,181,0,158.1,0h-.1v77.7Z\" fill=\"#d9d9d9\" stroke-width=\"0\"\/>\n  <\/g>\n  <g id=\"step-1\">\n    <path d=\"m77.6,151.1c0-19,7.6-37.3,21-50.7,13.4-13.5,31.6-21,50.6-21h.7V0C86.9-.2,38.7,33.5,15.3,84.7,5.2,105.3,0,128,0,151v.1h77.6Z\" fill=\"currentColor\" stroke-width=\"0\"\/>\n  <\/g>\n<\/svg>            <div class=\"si-steps__image-wrapper__logo\">\n                  <img loading=\"lazy\" decoding=\"async\" width=\"236\" height=\"234\" src=\"https:\/\/si-energy.de\/wp-content\/uploads\/sites\/3\/2024\/01\/SI-energy-logo-color-RGB.svg\" class=\"-default\" alt=\"SI Energy Logo blau\" \/>              <\/div>\n    <\/div>\n          <div class=\"swiper --skip-global-setup slider\" data-slides-per-view=\"1\" data-space-between data-si-steps-target=\"swiper\">\n        <div class=\"swiper-wrapper\" tabindex=\"0\">\n                      <div class=\"swiper-slide inner-blocks\">\n              <div class=\"si-steps__overlay\">\n                <div class=\"si-steps__overlay__number\">\n                  1                <\/div>\n                <div class=\"si-steps__overlay__content\">\n                  <h3>Energie<\/h3>\n                  <p>Wir k\u00fcmmern uns um die Energieerzeugung und -versorgung per Photovoltaik.<\/p>\n                <\/div>\n              <\/div>\n            <\/div>\n                      <div class=\"swiper-slide inner-blocks\">\n              <div class=\"si-steps__overlay\">\n                <div class=\"si-steps__overlay__number\">\n                  2                <\/div>\n                <div class=\"si-steps__overlay__content\">\n                  <h3>Lades\u00e4ulen<\/h3>\n                  <p>Wir unterst\u00fctzen Sie bei Auswahl, Beschaffung und Betrieb Ihrer Lades\u00e4ulen.<\/p>\n                <\/div>\n              <\/div>\n            <\/div>\n                      <div class=\"swiper-slide inner-blocks\">\n              <div class=\"si-steps__overlay\">\n                <div class=\"si-steps__overlay__number\">\n                  3                <\/div>\n                <div class=\"si-steps__overlay__content\">\n                  <h3>Infrastruktur<\/h3>\n                  <p>Wir planen und installieren die f\u00fcr Sie ideale &#8220;Hardware&#8221; und bringen sie ans Netz.<\/p>\n                <\/div>\n              <\/div>\n            <\/div>\n                      <div class=\"swiper-slide inner-blocks\">\n              <div class=\"si-steps__overlay\">\n                <div class=\"si-steps__overlay__number\">\n                  4                <\/div>\n                <div class=\"si-steps__overlay__content\">\n                  <h3>Betrieb<\/h3>\n                  <p>Als Ihr Charge Point Operator (CPO) sorgen wir f\u00fcr einen reibungsfreien Betrieb.<\/p>\n                <\/div>\n              <\/div>\n            <\/div>\n                  <\/div>\n        <div class=\"swiper-controls-wrapper\">\n          <div class=\"swiper-pagination\"><\/div>\n        <\/div>\n      <\/div>\n      <\/div>\n<\/div><\/div>\n\n\n\n<div class=\"wp-block-group alignwide has-primary-background-color has-background is-layout-constrained wp-block-group-is-layout-constrained\">\n<h2 class=\"wp-block-heading has-text-align-center has-white-color has-text-color has-link-color wp-elements-ba130a9df0c20e6df3b333f1c7c60d06\">Ihr Partner in allen Kernbereichen der E-Mobilit\u00e4t<\/h2>\n\n\n\n<div id=\"spacerblock_a40607e2368a3034be728451189d756f\" class=\"block__spacer -detect-in-viewport block__spacer--large\"><\/div>\n\n\n<figure class=\"wp-block-image aligncenter size-large hide-mobile\"><img loading=\"lazy\" decoding=\"async\" width=\"3475\" height=\"1649\" src=\"https:\/\/si-energy.de\/wp-content\/uploads\/sites\/3\/2024\/03\/SI-Energy-im-Markt-1.svg\" alt=\"SI Energy Infografik f\u00fcr Ladeinfrastruktur\" class=\"wp-image-1418\" \/><\/figure>\n\n\n\n<figure class=\"wp-block-image aligncenter size-large hide-desktop\"><img loading=\"lazy\" decoding=\"async\" width=\"1068\" height=\"1564\" src=\"https:\/\/si-energy.de\/wp-content\/uploads\/sites\/3\/2024\/04\/SI-Energy-Prozessgrafik-Mobile.svg\" alt=\"\" class=\"wp-image-1931\" \/><\/figure>\n<\/div>\n\n\n\n<div id=\"kontakt\" class=\"wp-block-group is-layout-constrained wp-block-group-is-layout-constrained\">\n<h2 class=\"wp-block-heading has-text-align-center\">Ihre Anfrage<\/h2>\n\n\n<div class=\"frm_forms  with_frm_style frm_style_formidable-style\" id=\"frm_form_4_container\" >\n<form enctype=\"multipart\/form-data\" method=\"post\" class=\"frm-show-form  frm_ajax_submit  frm_pro_form \" id=\"form_contact-form2\" >\n<div class=\"frm_form_fields \">\n<fieldset>\n<legend class=\"frm_screen_reader\">Kontaktformular SI Energy AT<\/legend>\r\n\r\n<div class=\"frm_fields_container\">\n<input type=\"hidden\" name=\"frm_action\" value=\"create\" \/>\n<input type=\"hidden\" name=\"form_id\" value=\"4\" \/>\n<input type=\"hidden\" name=\"frm_hide_fields_4\" id=\"frm_hide_fields_4\" value=\"\" \/>\n<input type=\"hidden\" name=\"form_key\" value=\"contact-form2\" \/>\n<input type=\"hidden\" name=\"item_meta[0]\" value=\"\" \/>\n<input type=\"hidden\" id=\"frm_submit_entry_4\" name=\"frm_submit_entry_4\" value=\"6abf2e9621\" \/><input type=\"hidden\" name=\"_wp_http_referer\" value=\"\/at\/wp-json\/wp\/v2\/pages\/2270\" \/><div id=\"frm_field_70_container\" class=\"frm_form_field form-field  frm_top_container\">\r\n    <label for=\"field_c3v4z2\" id=\"field_c3v4z2_label\" class=\"frm_primary_label\">Firma\r\n        <span class=\"frm_required\" aria-hidden=\"true\"><\/span>\r\n    <\/label>\r\n    <input  type=\"text\" id=\"field_c3v4z2\" name=\"item_meta[70]\" value=\"\"  data-invmsg=\"Text ist ung\u00fcltig\" aria-invalid=\"false\"   \/>\r\n    \r\n    \r\n<\/div>\n<div id=\"frm_field_71_container\" class=\"frm_form_field form-field  frm_required_field frm_top_container frm_first frm_half\">\r\n    <label for=\"field_qh4icy2\" id=\"field_qh4icy2_label\" class=\"frm_primary_label\">Vorname\r\n        <span class=\"frm_required\" aria-hidden=\"true\">*<\/span>\r\n    <\/label>\r\n    <input  type=\"text\" id=\"field_qh4icy2\" name=\"item_meta[71]\" value=\"\"  data-reqmsg=\"Dieses Feld darf nicht leer sein.\" aria-required=\"true\" data-invmsg=\"Name ist ung\u00fcltig\" aria-invalid=\"false\"   \/>\r\n    \r\n    \r\n<\/div>\n<div id=\"frm_field_72_container\" class=\"frm_form_field form-field  frm_required_field frm_top_container frm_half\">\r\n    <label for=\"field_ocfup12\" id=\"field_ocfup12_label\" class=\"frm_primary_label\">Nachname\r\n        <span class=\"frm_required\" aria-hidden=\"true\">*<\/span>\r\n    <\/label>\r\n    <input  type=\"text\" id=\"field_ocfup12\" name=\"item_meta[72]\" value=\"\"  data-reqmsg=\"Dieses Feld darf nicht leer sein.\" aria-required=\"true\" data-invmsg=\"Last ist ung\u00fcltig\" aria-invalid=\"false\"   \/>\r\n    \r\n    \r\n<\/div>\n<div id=\"frm_field_73_container\" class=\"frm_form_field form-field  frm_required_field frm_top_container frm_full\">\r\n    <label for=\"field_29yf4d2\" id=\"field_29yf4d2_label\" class=\"frm_primary_label\">E-Mail\r\n        <span class=\"frm_required\" aria-hidden=\"true\">*<\/span>\r\n    <\/label>\r\n    <input type=\"email\" id=\"field_29yf4d2\" name=\"item_meta[73]\" value=\"\"  data-reqmsg=\"Dieses Feld darf nicht leer sein.\" aria-required=\"true\" data-invmsg=\"Please enter a valid email address\" aria-invalid=\"false\"  \/>\r\n    \r\n    \r\n<\/div>\n<div id=\"frm_field_74_container\" class=\"frm_form_field form-field  frm_top_container\">\r\n    <label for=\"field_e6lis62\" id=\"field_e6lis62_label\" class=\"frm_primary_label\">Telefon\r\n        <span class=\"frm_required\" aria-hidden=\"true\"><\/span>\r\n    <\/label>\r\n    <input  type=\"text\" id=\"field_e6lis62\" name=\"item_meta[74]\" value=\"\"  data-invmsg=\"Subject ist ung\u00fcltig\" aria-invalid=\"false\"   \/>\r\n    \r\n    \r\n<\/div>\n<div id=\"frm_field_75_container\" class=\"frm_form_field form-field  frm_required_field frm_top_container frm_full\">\r\n    <label for=\"field_9jv0r12\" id=\"field_9jv0r12_label\" class=\"frm_primary_label\">Nachricht\r\n        <span class=\"frm_required\" aria-hidden=\"true\">*<\/span>\r\n    <\/label>\r\n    <textarea name=\"item_meta[75]\" id=\"field_9jv0r12\" rows=\"5\"  data-reqmsg=\"Dieses Feld darf nicht leer sein.\" aria-required=\"true\" data-invmsg=\"Message ist ung\u00fcltig\" aria-invalid=\"false\"  ><\/textarea>\r\n    \r\n    \r\n<\/div>\n<div id=\"frm_field_76_container\" class=\"frm_form_field form-field \">\r\n\t<div class=\"frm_submit frm_flex\">\r\n<button class=\"frm_button_submit frm_final_submit\" type=\"submit\"  formnovalidate=\"formnovalidate\">Senden<\/button>\r\n\r\n\r\n\r\n<\/div>\r\n<\/div>\n\t<input type=\"hidden\" name=\"item_key\" value=\"\" \/>\n\t\t\t<div id=\"frm_field_77_container\">\n\t\t\t<label for=\"field_xk221\" >\n\t\t\t\tIf you are human, leave this field blank.\t\t\t<\/label>\n\t\t\t<input  id=\"field_xk221\" type=\"text\" class=\"frm_form_field form-field frm_verify\" name=\"item_meta[77]\" value=\"\"  \/>\n\t\t<\/div>\n\t\t<input name=\"frm_state\" type=\"hidden\" value=\"nmK3UXHHemDTlHx7aF8\/MroBg+ZW71OafFlQ44ljziAeHzqA0B8Gzifh17sfYPZQ\" \/><\/div>\n<\/fieldset>\n<\/div>\n\n<\/form>\n<\/div>\n<\/div>\n\n\n\n<div class=\"wp-block-group alignwide has-black-background-color has-background is-layout-constrained wp-block-group-is-layout-constrained\"><div class=\"wp-bootstrap-blocks-row row\">\n\t\n\n<div class=\"col-12 col-md-6\">\n\t\t\t\n\n<figure class=\"wp-block-image aligncenter size-full is-resized\"><a href=\"https:\/\/ifdesign.com\/de\/winner-ranking\/project\/si-trading-gmbh-we-are-the-missing-part\/608332\"><img decoding=\"async\" src=\"https:\/\/si-electronics.de\/wp-content\/uploads\/sites\/2\/2024\/07\/iF-Design-Award-2024.svg\" alt=\"\" class=\"wp-image-3066\" style=\"width:200px\" \/><\/a><\/figure>\n\n\t<\/div>\n\n\n\n<div class=\"col-12 col-md-6\">\n\t\t\t\n\n<figure class=\"wp-block-image aligncenter size-full is-resized\"><a href=\"https:\/\/www.german-brand-award.com\/preistraeger\/galerie\/detail\/45168-si-trading-gmbh-we-are-the-missing-part.html\"><img decoding=\"async\" src=\"https:\/\/si-electronics.de\/wp-content\/uploads\/sites\/2\/2024\/07\/si-electronics-german-brand-award-2023.svg\" alt=\"\" class=\"wp-image-3070\" style=\"width:200px\" \/><\/a><\/figure>\n\n\t<\/div>\n\n<\/div>\n<\/div>\n","protected":false},"excerpt":{"rendered":"<p>Daf\u00fcr stehen wir Komplettpaket aus einer Hand Ihr Partner in allen Kernbereichen der E-Mobilit\u00e4t Ihre Anfrage<\/p>\n","protected":false},"author":1,"featured_media":0,"parent":0,"menu_order":0,"comment_status":"closed","ping_status":"closed","template":"","meta":{"footnotes":""},"class_list":["post-2270","page","type-page","status-publish","hentry"],"aioseo_notices":[],"acf":[],"_links":{"self":[{"href":"https:\/\/si-energy.de\/at\/wp-json\/wp\/v2\/pages\/2270","targetHints":{"allow":["GET"]}}],"collection":[{"href":"https:\/\/si-energy.de\/at\/wp-json\/wp\/v2\/pages"}],"about":[{"href":"https:\/\/si-energy.de\/at\/wp-json\/wp\/v2\/types\/page"}],"author":[{"embeddable":true,"href":"https:\/\/si-energy.de\/at\/wp-json\/wp\/v2\/users\/1"}],"replies":[{"embeddable":true,"href":"https:\/\/si-energy.de\/at\/wp-json\/wp\/v2\/comments?post=2270"}],"version-history":[{"count":1,"href":"https:\/\/si-energy.de\/at\/wp-json\/wp\/v2\/pages\/2270\/revisions"}],"predecessor-version":[{"id":2875,"href":"https:\/\/si-energy.de\/at\/wp-json\/wp\/v2\/pages\/2270\/revisions\/2875"}],"wp:attachment":[{"href":"https:\/\/si-energy.de\/at\/wp-json\/wp\/v2\/media?parent=2270"}],"curies":[{"name":"wp","href":"https:\/\/api.w.org\/{rel}","templated":true}]}}