{"id":2272,"date":"2024-01-30T13:18:24","date_gmt":"2024-01-30T12:18:24","guid":{"rendered":"https:\/\/si-energy.de\/?page_id=2272"},"modified":"2024-09-24T14:43:31","modified_gmt":"2024-09-24T12:43:31","slug":"impressum","status":"publish","type":"page","link":"https:\/\/si-energy.de\/at\/impressum\/","title":{"rendered":"Impressum"},"content":{"rendered":"\n<p><strong>Angaben nach \u00a7 5 TMG<\/strong><br><br>SI Energy Austria GmbH<\/p>\n\n\n\n<p>R\u00f6merstra\u00dfe 35<\/p>\n\n\n\n<p>6900 Bregenz<br><br><br>Vertreten durch:<\/p>\n\n\n\n<p>Boris Scheuermann (Gesch\u00e4ftsf\u00fchrer)<br><br><br>Telefon: +43 676 3480410<\/p>\n\n\n\n<p>E-Mail: office@si-energy.at<br><br><br>Landesgericht: Feldkirch<\/p>\n\n\n\n<p>Firmenbuchnummer: FN 635217<br><br><br><strong>Konzeption &amp; Realisation<\/strong><\/p>\n\n\n\n<p>Callies &amp; Schewe Kommunikation GmbH<br><a href=\"https:\/\/www.calliesundschewe.de\/\" target=\"_blank\" rel=\"noreferrer noopener\">www.calliesundschewe.de<\/a><\/p>\n","protected":false},"excerpt":{"rendered":"<p>Angaben nach \u00a7 5 TMG SI Energy Austria GmbH R\u00f6merstra\u00dfe 35 6900 Bregenz Vertreten durch: Boris Scheuermann (Gesch\u00e4ftsf\u00fchrer) Telefon: +43 676 3480410 E-Mail: office@si-energy.at Landesgericht: Feldkirch Firmenbuchnummer: FN 635217 Konzeption &amp; Realisation Callies &amp; Schewe Kommunikation GmbHwww.calliesundschewe.de<\/p>\n","protected":false},"author":1,"featured_media":0,"parent":0,"menu_order":0,"comment_status":"closed","ping_status":"closed","template":"","meta":{"footnotes":""},"class_list":["post-2272","page","type-page","status-publish","hentry"],"aioseo_notices":[],"acf":[],"_links":{"self":[{"href":"https:\/\/si-energy.de\/at\/wp-json\/wp\/v2\/pages\/2272","targetHints":{"allow":["GET"]}}],"collection":[{"href":"https:\/\/si-energy.de\/at\/wp-json\/wp\/v2\/pages"}],"about":[{"href":"https:\/\/si-energy.de\/at\/wp-json\/wp\/v2\/types\/page"}],"author":[{"embeddable":true,"href":"https:\/\/si-energy.de\/at\/wp-json\/wp\/v2\/users\/1"}],"replies":[{"embeddable":true,"href":"https:\/\/si-energy.de\/at\/wp-json\/wp\/v2\/comments?post=2272"}],"version-history":[{"count":1,"href":"https:\/\/si-energy.de\/at\/wp-json\/wp\/v2\/pages\/2272\/revisions"}],"predecessor-version":[{"id":2778,"href":"https:\/\/si-energy.de\/at\/wp-json\/wp\/v2\/pages\/2272\/revisions\/2778"}],"wp:attachment":[{"href":"https:\/\/si-energy.de\/at\/wp-json\/wp\/v2\/media?parent=2272"}],"curies":[{"name":"wp","href":"https:\/\/api.w.org\/{rel}","templated":true}]}}